{"id":839,"date":"2017-05-25T12:40:39","date_gmt":"2017-05-25T12:40:39","guid":{"rendered":"https:\/\/thinkforensic.ch\/?page_id=839"},"modified":"2021-01-30T15:29:09","modified_gmt":"2021-01-30T14:29:09","slug":"contact","status":"publish","type":"page","link":"https:\/\/thinkforensic.ch\/?page_id=839","title":{"rendered":"Contact"},"content":{"rendered":"<p><div class=\"fusion-fullwidth fullwidth-box fusion-builder-row-1 nonhundred-percent-fullwidth non-hundred-percent-height-scrolling\" style=\"--awb-border-radius-top-left:0px;--awb-border-radius-top-right:0px;--awb-border-radius-bottom-right:0px;--awb-border-radius-bottom-left:0px;--awb-flex-wrap:wrap;\" ><div class=\"fusion-builder-row fusion-row\"><div class=\"fusion-layout-column fusion_builder_column fusion-builder-column-0 fusion_builder_column_1_4 1_4 fusion-one-fourth fusion-column-first\" style=\"--awb-bg-size:cover;width:25%;width:calc(25% - ( ( 10% ) * 0.25 ) );margin-right: 10%;\" id=\"RD_logoMenuML\"><div class=\"fusion-column-wrapper fusion-column-has-shadow fusion-flex-column-wrapper-legacy\"><div class=\"fusion-text fusion-text-1\"><p><a href=\"\/\"><img decoding=\"async\" id=\"RD_pageLogo\" class=\"alignleft size-full wp-image-1113\" src=\"https:\/\/thinkforensic.ch\/wp-content\/uploads\/2017\/08\/TF_LOGO_GEN.png\" alt=\"\" width=\"2592\" height=\"745\" srcset=\"https:\/\/thinkforensic.ch\/wp-content\/uploads\/2017\/08\/TF_LOGO_GEN-200x57.png 200w, https:\/\/thinkforensic.ch\/wp-content\/uploads\/2017\/08\/TF_LOGO_GEN-300x86.png 300w, https:\/\/thinkforensic.ch\/wp-content\/uploads\/2017\/08\/TF_LOGO_GEN-400x115.png 400w, https:\/\/thinkforensic.ch\/wp-content\/uploads\/2017\/08\/TF_LOGO_GEN-600x172.png 600w, https:\/\/thinkforensic.ch\/wp-content\/uploads\/2017\/08\/TF_LOGO_GEN-768x221.png 768w, https:\/\/thinkforensic.ch\/wp-content\/uploads\/2017\/08\/TF_LOGO_GEN-800x230.png 800w, https:\/\/thinkforensic.ch\/wp-content\/uploads\/2017\/08\/TF_LOGO_GEN-1024x294.png 1024w, https:\/\/thinkforensic.ch\/wp-content\/uploads\/2017\/08\/TF_LOGO_GEN-1200x345.png 1200w, https:\/\/thinkforensic.ch\/wp-content\/uploads\/2017\/08\/TF_LOGO_GEN.png 2592w\" sizes=\"(max-width: 2592px) 100vw, 2592px\" \/><\/a><\/p>\n<\/div><div class=\"fusion-clearfix\"><\/div><\/div><\/div><div class=\"fusion-layout-column fusion_builder_column fusion-builder-column-1 fusion_builder_column_3_4 3_4 fusion-three-fourth fusion-column-last\" style=\"--awb-bg-size:cover;width:75%;width:calc(75% - ( ( 10% ) * 0.75 ) );\"><div class=\"fusion-column-wrapper fusion-flex-column-wrapper-legacy\"><div class=\"fusion-text fusion-text-2\"><p style=\"text-align: right; margin-top: 2%; font-family: 'DIN-Regular';\"><span style=\"font-size: 9pt;\"><span style=\"color: #9a9a9a;\">FR<\/span> | <a id=\"menu_multiLang\" href=\"\/?page_id=1454\">EN<\/a> | <a id=\"menu_multiLang\" href=\"\/?page_id=1456\">DE<\/a><\/span><\/p>\n<\/div><div class=\"fusion-social-links fusion-social-links-1 socialNet\" style=\"--awb-margin-top:0px;--awb-margin-right:0px;--awb-margin-bottom:0px;--awb-margin-left:0px;--awb-box-border-top:0px;--awb-box-border-right:0px;--awb-box-border-bottom:0px;--awb-box-border-left:0px;--awb-icon-colors-hover:rgba(190,189,189,0.8);--awb-box-colors-hover:rgba(232,232,232,0.8);--awb-box-border-color:var(--awb-color3);--awb-box-border-color-hover:var(--awb-color4);\"><div class=\"fusion-social-networks color-type-custom\"><div class=\"fusion-social-networks-wrapper\"><a class=\"fusion-social-network-icon fusion-tooltip fusion-twitter awb-icon-twitter\" style=\"color:#bebdbd;font-size:16px;\" data-placement=\"top\" data-title=\"X\" data-toggle=\"tooltip\" title=\"X\" aria-label=\"twitter\" target=\"_blank\" rel=\"noopener noreferrer\" href=\"https:\/\/twitter.com\/Think_Forensic\"><\/a><a class=\"fusion-social-network-icon fusion-tooltip fusion-linkedin awb-icon-linkedin\" style=\"color:#bebdbd;font-size:16px;\" data-placement=\"top\" data-title=\"LinkedIn\" data-toggle=\"tooltip\" title=\"LinkedIn\" aria-label=\"linkedin\" target=\"_blank\" rel=\"noopener noreferrer\" href=\"https:\/\/www.linkedin.com\/in\/think-forensic-4544a0147\/\"><\/a><\/div><\/div><\/div><div class=\"fusion-widget-area awb-widget-area-element fusion-widget-area-1 fusion-content-widget-area\" style=\"--awb-title-size:13px;--awb-title-color:#333333;--awb-padding:0px 0px 0px 0px;\" id=\"RD_topMenu\"><div id=\"menu-widget-2\" class=\"widget menu\"><style type=\"text\/css\">#menu-widget-2{text-align:left;}#fusion-menu-widget-2 li{display:inline-block;}#fusion-menu-widget-2 ul li a{display:inline-block;padding:0;border:0;color:#9a9a9a;font-size:17px;}#fusion-menu-widget-2 ul li a:after{content:\"|\";color:#9a9a9a;padding-right:5px;padding-left:5px;font-size:17px;}#fusion-menu-widget-2 ul li a:hover,#fusion-menu-widget-2 ul .menu-item.current-menu-item a{color:#112450;}#fusion-menu-widget-2 ul li:last-child a:after{display:none;}#fusion-menu-widget-2 ul li .fusion-widget-cart-number{margin:0 7px;background-color:#112450;color:#9a9a9a;}#fusion-menu-widget-2 ul li.fusion-active-cart-icon .fusion-widget-cart-icon:after{color:#112450;}<\/style><nav id=\"fusion-menu-widget-2\" class=\"fusion-widget-menu\" aria-label=\"Secondary navigation\"><ul id=\"menu-topmenu\" class=\"menu\"><li id=\"menu-item-24\" class=\"menu-item menu-item-type-post_type menu-item-object-page menu-item-home menu-item-24\"><a href=\"https:\/\/thinkforensic.ch\/\">Accueil<\/a><\/li><li id=\"menu-item-175\" class=\"menu-item menu-item-type-post_type menu-item-object-page menu-item-175\"><a href=\"https:\/\/thinkforensic.ch\/?page_id=174\">Think Forensic<\/a><\/li><li id=\"menu-item-774\" class=\"menu-item menu-item-type-post_type menu-item-object-page menu-item-774\"><a href=\"https:\/\/thinkforensic.ch\/?page_id=773\">Activit\u00e9s<\/a><\/li><li id=\"menu-item-840\" class=\"menu-item menu-item-type-post_type menu-item-object-page menu-item-840\"><a href=\"https:\/\/thinkforensic.ch\/?page_id=839\">Contact<\/a><\/li><\/ul><\/nav><\/div><div class=\"fusion-additional-widget-content\"><\/div><\/div><div class=\"fusion-clearfix\"><\/div><\/div><\/div><\/div><\/div><div class=\"fusion-fullwidth fullwidth-box fusion-builder-row-2 nonhundred-percent-fullwidth non-hundred-percent-height-scrolling\" style=\"--awb-border-radius-top-left:0px;--awb-border-radius-top-right:0px;--awb-border-radius-bottom-right:0px;--awb-border-radius-bottom-left:0px;--awb-flex-wrap:wrap;\" ><div class=\"fusion-builder-row fusion-row\"><div class=\"fusion-layout-column fusion_builder_column fusion-builder-column-2 fusion_builder_column_1_3 1_3 fusion-one-third fusion-column-first\" style=\"--awb-bg-size:cover;width:33.333333333333%;width:calc(33.333333333333% - ( ( 0px ) * 0.33333333333333 ) );margin-right: 0px;\"><div class=\"fusion-column-wrapper fusion-flex-column-wrapper-legacy\"><div class=\"fusion-text fusion-text-3\"><div id=\"RD_picto\" style=\"margin-top: 5%;\"><img decoding=\"async\" class=\"size-full wp-image-1081 aligncenter\" src=\"https:\/\/thinkforensic.ch\/wp-content\/uploads\/2017\/05\/TF_picto_contact.png\" alt=\"\" width=\"240\" height=\"196\" srcset=\"https:\/\/thinkforensic.ch\/wp-content\/uploads\/2017\/05\/TF_picto_contact-200x163.png 200w, https:\/\/thinkforensic.ch\/wp-content\/uploads\/2017\/05\/TF_picto_contact.png 240w\" sizes=\"(max-width: 240px) 100vw, 240px\" \/><\/div>\n<\/div><div class=\"fusion-clearfix\"><\/div><\/div><\/div><div class=\"fusion-layout-column fusion_builder_column fusion-builder-column-3 fusion_builder_column_2_3 2_3 fusion-two-third fusion-column-last\" style=\"--awb-bg-size:cover;width:66.666666666667%;width:calc(66.666666666667% - ( ( 0px ) * 0.66666666666667 ) );\"><div class=\"fusion-column-wrapper fusion-flex-column-wrapper-legacy\"><div class=\"fusion-text fusion-text-4\"><div style=\"padding-top: 10px;\">\n<h1 id=\"RD_titlePage\" style=\"font-family: 'DIN-Regular'; color: #112450; font-weight: bold; font-size: 25px;\">Il y a plusieurs moyens pour int\u00e9grer ou soutenir l&rsquo;association :<\/h1>\n<\/div>\n<\/div><div class=\"accordian fusion-accordian\" style=\"--awb-border-size:1px;--awb-icon-size:13px;--awb-content-font-size:17px;--awb-icon-alignment:left;--awb-hover-color:#f9f9f9;--awb-border-color:#cccccc;--awb-background-color:#ffffff;--awb-divider-color:#e0dede;--awb-divider-hover-color:#e0dede;--awb-icon-color:#ffffff;--awb-title-color:#333333;--awb-content-color:#000000;--awb-icon-box-color:#9a9a9a;--awb-toggle-hover-accent-color:#112450;--awb-title-font-family:&quot;DIN-REGULAR&quot;;--awb-title-font-weight:400;--awb-title-font-style:normal;--awb-title-font-size:13px;--awb-title-line-height:1.5;--awb-content-font-family:&quot;PT Sans&quot;;--awb-content-font-style:normal;--awb-content-font-weight:400;\" id=\"Toggle_contact\"><div class=\"panel-group fusion-toggle-icon-boxed\" id=\"accordion-839-1\"><div class=\"fusion-panel panel-default panel-33d4f39c78ab34436 fusion-toggle-has-divider\"><div class=\"panel-heading\"><h4 class=\"panel-title toggle\" id=\"toggle_33d4f39c78ab34436\"><a class=\"active\" aria-expanded=\"true\" aria-controls=\"33d4f39c78ab34436\" role=\"button\" data-toggle=\"collapse\" data-parent=\"#accordion-839-1\" data-target=\"#33d4f39c78ab34436\" href=\"#33d4f39c78ab34436\"><span class=\"fusion-toggle-icon-wrapper\" aria-hidden=\"true\"><i class=\"fa-fusion-box active-icon awb-icon-minus\" aria-hidden=\"true\"><\/i><i class=\"fa-fusion-box inactive-icon awb-icon-plus\" aria-hidden=\"true\"><\/i><\/span><span class=\"fusion-toggle-heading\">Membre<\/span><\/a><\/h4><\/div><div id=\"33d4f39c78ab34436\" class=\"panel-collapse collapse in\" aria-labelledby=\"toggle_33d4f39c78ab34436\"><div class=\"panel-body toggle-content fusion-clearfix\">\n<div id=\"RD_textMembre\">\n<p>En devenant membre vous b\u00e9n\u00e9ficiez des prestations suivantes :<\/p>\n<ul>\n<li>Recevoir des offres d&#8217;emploi et de stages cibl\u00e9s<\/li>\n<li>Participer aux ateliers anim\u00e9s par Think Forensic<\/li>\n<li>Assister \u00e0 des conf\u00e9rences<\/li>\n<li>Soutenir un r\u00e9seau actif et solidaire<\/li>\n<\/ul>\n<p>Pour devenir membre, vous devez \u00eatre titulaire d&rsquo;un dipl\u00f4me de l\u2019Ecole des sciences criminelles et payer la cotisation annuelle qui s\u2019\u00e9l\u00e8ve \u00e0 minimum 30 CHF \/ann\u00e9e civile. Remplissez le formulaire ci-dessous et nous prendrons rapidement contact avec vous.<\/p>\n<\/div>\n<\/div><\/div><\/div><div class=\"fusion-panel panel-default panel-3a8da3a3f19411116 fusion-toggle-has-divider\"><div class=\"panel-heading\"><h4 class=\"panel-title toggle\" id=\"toggle_3a8da3a3f19411116\"><a aria-expanded=\"false\" aria-controls=\"3a8da3a3f19411116\" role=\"button\" data-toggle=\"collapse\" data-parent=\"#accordion-839-1\" data-target=\"#3a8da3a3f19411116\" href=\"#3a8da3a3f19411116\"><span class=\"fusion-toggle-icon-wrapper\" aria-hidden=\"true\"><i class=\"fa-fusion-box active-icon awb-icon-minus\" aria-hidden=\"true\"><\/i><i class=\"fa-fusion-box inactive-icon awb-icon-plus\" aria-hidden=\"true\"><\/i><\/span><span class=\"fusion-toggle-heading\">Partenaire<\/span><\/a><\/h4><\/div><div id=\"3a8da3a3f19411116\" class=\"panel-collapse collapse \" aria-labelledby=\"toggle_3a8da3a3f19411116\"><div class=\"panel-body toggle-content fusion-clearfix\">\n<div id=\"RD_textPart\">\n<p>Toute information que vous estimez int\u00e9ressante \u00e0 partager avec les membres de la communaut\u00e9 Think Forensic a de la valeur pour nous!<\/p>\n<p>Que ce soit une nouvelle offre d&#8217;emploi, un \u00e9v\u00e9nement culturel ou professionnel ou encore des conseils relatifs \u00e0 la recherche d&#8217;emplois\/stages, n&rsquo;h\u00e9sitez pas \u00e0 nous \u00e9crire et nous prendrons rapidement contact avec vous.<\/p>\n<\/div>\n<\/div><\/div><\/div><div class=\"fusion-panel panel-default panel-e0ab867e28a787bc5 fusion-toggle-has-divider\"><div class=\"panel-heading\"><h4 class=\"panel-title toggle\" id=\"toggle_e0ab867e28a787bc5\"><a aria-expanded=\"false\" aria-controls=\"e0ab867e28a787bc5\" role=\"button\" data-toggle=\"collapse\" data-parent=\"#accordion-839-1\" data-target=\"#e0ab867e28a787bc5\" href=\"#e0ab867e28a787bc5\"><span class=\"fusion-toggle-icon-wrapper\" aria-hidden=\"true\"><i class=\"fa-fusion-box active-icon awb-icon-minus\" aria-hidden=\"true\"><\/i><i class=\"fa-fusion-box inactive-icon awb-icon-plus\" aria-hidden=\"true\"><\/i><\/span><span class=\"fusion-toggle-heading\">Donateur<\/span><\/a><\/h4><\/div><div id=\"e0ab867e28a787bc5\" class=\"panel-collapse collapse \" aria-labelledby=\"toggle_e0ab867e28a787bc5\"><div class=\"panel-body toggle-content fusion-clearfix\">\n<div id=\"RD_textDon\">\n<p>Un grand nombre d\u2019activit\u00e9s de l\u2019association Think Forensic est rendu possible par des dons.<\/p>\n<p>Si vous souhaitez soutenir l\u2019association, n&rsquo;h\u00e9sitez pas \u00e0 nous \u00e9crire et nous prendrons rapidement contact avec vous.<\/p>\n<\/div>\n<\/div><\/div><\/div><\/div><\/div><div class=\"fusion-clearfix\"><\/div><\/div><\/div><\/div><\/div><div class=\"fusion-fullwidth fullwidth-box fusion-builder-row-3 nonhundred-percent-fullwidth non-hundred-percent-height-scrolling fusion-equal-height-columns\" style=\"--awb-border-radius-top-left:0px;--awb-border-radius-top-right:0px;--awb-border-radius-bottom-right:0px;--awb-border-radius-bottom-left:0px;--awb-background-color:#112450;--awb-flex-wrap:wrap;\" ><div class=\"fusion-builder-row fusion-row\"><div class=\"fusion-layout-column fusion_builder_column fusion-builder-column-4 fusion_builder_column_1_3 1_3 fusion-one-third fusion-column-first\" style=\"--awb-bg-size:cover;--awb-margin-bottom:0px;width:33.333333333333%;width:calc(33.333333333333% - ( ( 0% ) * 0.33333333333333 ) );margin-right: 0%;\" id=\"RD_columnTitleLinks\"><div class=\"fusion-column-wrapper fusion-flex-column-wrapper-legacy\"><div class=\"fusion-text fusion-text-5\"><div id=\"RD_titleLinks\">\n<h1 style=\"font-family: 'DIN-Regular'; color: white; font-weight: bold; padding-left: 20%; padding-top: 8%;\">THINK FORENSIC<\/h1>\n<h1 style=\"font-family: 'DIN-Regular'; color: #b19d68; font-weight: bold; padding-left: 10%; padding-top: 10px;\">Nos Partenaires<\/h1>\n<\/div>\n<\/div><div class=\"fusion-clearfix\"><\/div><\/div><\/div><div class=\"fusion-layout-column fusion_builder_column fusion-builder-column-5 fusion_builder_column_2_3 2_3 fusion-two-third fusion-column-last\" style=\"--awb-bg-size:cover;--awb-margin-bottom:0px;width:66.666666666667%;width:calc(66.666666666667% - ( ( 0% ) * 0.66666666666667 ) );\"><div class=\"fusion-column-wrapper fusion-flex-column-wrapper-legacy\"><div class=\"fusion-text fusion-text-6\"><div id=\"contact_href_part\" style=\"padding-top: 6px;\">\n<ul style=\"color: white;\">\n<li style=\"list-style-type: none;\">\n<ul style=\"color: white;\">\n<li style=\"margin-bottom: 5px;\">Facult\u00e9 de droit, des sciences criminelles et d&rsquo;administration publique <a href=\"https:\/\/www.unil.ch\/fdca\/home.html\" target=\"_blank\" rel=\"noopener noreferrer\">(Site Internet)<\/a><\/li>\n<li style=\"margin-bottom: 5px;\">Ecole des Sciences Criminelles <a href=\"https:\/\/unil.ch\/esc\/home.html\" target=\"_blank\" rel=\"noopener noreferrer\">(Site Internet)<\/a><\/li>\n<li style=\"margin-bottom: 5px;\">Association des Etudiant-e-s en Sciences Criminelles <a href=\"http:\/\/wp.unil.ch\/aesc\/\" target=\"_blank\" rel=\"noopener noreferrer\">(Site Internet)<\/a><\/li>\n<li style=\"margin-bottom: 5px;\">Association des Dipl\u00f4m\u00e9-e-s en Sciences Criminelles <a href=\"https:\/\/www.adsc.ch\/\" target=\"_blank\" rel=\"noopener noreferrer\">(Site Internet)<\/a><\/li>\n<li style=\"margin-bottom: 5px;\">R\u00e9seau ALUMNIL des dipl\u00f4m\u00e9-e-s de l&rsquo;Universit\u00e9 de Lausanne <a href=\"https:\/\/wp.unil.ch\/alumnil\/\" target=\"_blank\" rel=\"noopener noreferrer\">(Site Internet)<\/a><\/li>\n<li style=\"margin-bottom: 5px;\">Design graphique r\u00e9alis\u00e9 par Gr\u00e9gory Corthay <a href=\"mailto:gregorycorthay@gmail.com\">(gregorycorthay@gmail.com)<\/a><\/li>\n<\/ul>\n<\/li>\n<\/ul>\n<\/div>\n<\/div><div class=\"fusion-clearfix\"><\/div><\/div><\/div><\/div><\/div><div class=\"fusion-fullwidth fullwidth-box fusion-builder-row-4 nonhundred-percent-fullwidth non-hundred-percent-height-scrolling fusion-equal-height-columns\" style=\"--awb-border-radius-top-left:0px;--awb-border-radius-top-right:0px;--awb-border-radius-bottom-right:0px;--awb-border-radius-bottom-left:0px;--awb-background-color:#9a9a9a;--awb-flex-wrap:wrap;\" ><div class=\"fusion-builder-row fusion-row\"><div class=\"fusion-layout-column fusion_builder_column fusion-builder-column-6 fusion_builder_column_1_2 1_2 fusion-one-half fusion-column-first\" style=\"--awb-bg-size:cover;width:50%;width:calc(50% - ( ( 4% ) * 0.5 ) );margin-right: 4%;\" id=\"RD_columnCoord\"><div class=\"fusion-column-wrapper fusion-flex-column-wrapper-legacy\"><div class=\"fusion-text fusion-text-7\"><div id=\"RD_titleAdresse\" style=\"padding-left: 15%;\">\n<h2 style=\"font-family: 'DIN-Regular'; color: #112450; font-weight: bold; padding-top: 5%;\">Notre adresse<\/h2>\n<\/div>\n<\/div><div class=\"fusion-text fusion-text-8\"><div id=\"RD_textAdresse\" style=\"padding-left: 15%; padding-top: 3%;\">\n<p>Association Think Forensic<\/p>\n<p>Case Postale 1457<\/p>\n<p>1001 Lausanne<\/p>\n<p>IBAN: CH29 0900 0000 1243 0299 0<\/p>\n<\/div>\n<div id=\"RD_titleTextBureau\" style=\"padding-left: 15%; padding-top: 3%;\">\n<h2 style=\"font-family: 'DIN-Regular'; color: #112450; font-weight: bold; padding-bottom: 5%;\">Notre bureau<\/h2>\n<p>Bureau 2107, B\u00e2timent Bat\u00f4chime<\/p>\n<p>Universit\u00e9 de Lausanne<\/p>\n<p>1015 Lausanne<\/p>\n<p id=\"LinkContact\"><a href=\"mailto:info@thinkforensic.ch\">info@thinkforensic.ch<\/a><\/p>\n<\/div>\n<\/div><div class=\"fusion-clearfix\"><\/div><\/div><\/div><div class=\"fusion-layout-column fusion_builder_column fusion-builder-column-7 fusion_builder_column_1_2 1_2 fusion-one-half fusion-column-last\" style=\"--awb-padding-top:20px;--awb-padding-right:20px;--awb-bg-color:#9a9a9a;--awb-bg-color-hover:#9a9a9a;--awb-bg-size:cover;--awb-margin-bottom:0px;width:50%;width:calc(50% - ( ( 4% ) * 0.5 ) );\"><div class=\"fusion-column-wrapper fusion-flex-column-wrapper-legacy\"><div class=\"fusion-text fusion-text-9\"><div id=\"RD_titleFormContact\">\n<h2 style=\"font-family: 'DIN-Regular'; color: #112450; font-weight: bold; padding-bottom: 20px;\">Formulaire de contact<\/h2>\n<\/div>\n<\/div><div class=\"fusion-text fusion-text-10\"><div>\n<div class=\"wpcf7 no-js\" id=\"wpcf7-f851-o1\" lang=\"fr-FR\" dir=\"ltr\" data-wpcf7-id=\"851\">\n<div class=\"screen-reader-response\"><p role=\"status\" aria-live=\"polite\" aria-atomic=\"true\"><\/p> <ul><\/ul><\/div>\n<form action=\"\/index.php?rest_route=%2Fwp%2Fv2%2Fpages%2F839#wpcf7-f851-o1\" method=\"post\" class=\"wpcf7-form init\" aria-label=\"Formulaire de contact\" novalidate=\"novalidate\" data-status=\"init\">\n<fieldset class=\"hidden-fields-container\"><input type=\"hidden\" name=\"_wpcf7\" value=\"851\" \/><input type=\"hidden\" name=\"_wpcf7_version\" value=\"6.1.4\" \/><input type=\"hidden\" name=\"_wpcf7_locale\" value=\"fr_FR\" \/><input type=\"hidden\" name=\"_wpcf7_unit_tag\" value=\"wpcf7-f851-o1\" \/><input type=\"hidden\" name=\"_wpcf7_container_post\" value=\"0\" \/><input type=\"hidden\" name=\"_wpcf7_posted_data_hash\" value=\"\" \/><input type=\"hidden\" name=\"_wpcf7_recaptcha_response\" value=\"\" \/>\n<\/fieldset>\n<p><label> Nom et pr\u00e9nom<br \/>\n<span class=\"wpcf7-form-control-wrap\" data-name=\"your-name\"><input size=\"40\" maxlength=\"400\" class=\"wpcf7-form-control wpcf7-text wpcf7-validates-as-required required\" id=\"fieldFormCont\" aria-required=\"true\" aria-invalid=\"false\" value=\"\" type=\"text\" name=\"your-name\" \/><\/span> <\/label>\n<\/p>\n<p><label> Adresse e-mail<br \/>\n<span class=\"wpcf7-form-control-wrap\" data-name=\"your-email\"><input size=\"40\" maxlength=\"400\" class=\"wpcf7-form-control wpcf7-email wpcf7-validates-as-required wpcf7-text wpcf7-validates-as-email required\" aria-required=\"true\" aria-invalid=\"false\" value=\"\" type=\"email\" name=\"your-email\" \/><\/span> <\/label>\n<\/p>\n<p><label> Sujet<br \/>\n<span class=\"wpcf7-form-control-wrap\" data-name=\"your-subject\"><input size=\"40\" maxlength=\"400\" class=\"wpcf7-form-control wpcf7-text\" aria-invalid=\"false\" value=\"\" type=\"text\" name=\"your-subject\" \/><\/span> <\/label>\n<\/p>\n<p><label> Votre message<br \/>\n<span class=\"wpcf7-form-control-wrap\" data-name=\"your-message\"><textarea cols=\"40\" rows=\"10\" maxlength=\"2000\" class=\"wpcf7-form-control wpcf7-textarea\" aria-invalid=\"false\" name=\"your-message\"><\/textarea><\/span> <\/label>\n<\/p>\n\n<p><input class=\"wpcf7-form-control wpcf7-submit has-spinner\" id=\"submitBtn\" type=\"submit\" value=\"Envoyer\" \/>\n<\/p><div class=\"fusion-alert alert custom alert-custom fusion-alert-center wpcf7-response-output awb-alert-native-link-color alert-dismissable awb-alert-close-boxed\" style=\"--awb-border-top-left-radius:0px;--awb-border-top-right-radius:0px;--awb-border-bottom-left-radius:0px;--awb-border-bottom-right-radius:0px;\" role=\"alert\"><div class=\"fusion-alert-content-wrapper\"><span class=\"fusion-alert-content\"><\/span><\/div><button type=\"button\" class=\"close toggle-alert\" data-dismiss=\"alert\" aria-label=\"Close\">&times;<\/button><\/div>\n<\/form>\n<\/div>\n<\/div>\n<\/div><div class=\"fusion-clearfix\"><\/div><\/div><\/div><\/div><\/div><\/p>\n","protected":false},"excerpt":{"rendered":"","protected":false},"author":2,"featured_media":0,"parent":0,"menu_order":0,"comment_status":"closed","ping_status":"closed","template":"","meta":{"footnotes":""},"class_list":["post-839","page","type-page","status-publish","hentry"],"_links":{"self":[{"href":"https:\/\/thinkforensic.ch\/index.php?rest_route=\/wp\/v2\/pages\/839","targetHints":{"allow":["GET"]}}],"collection":[{"href":"https:\/\/thinkforensic.ch\/index.php?rest_route=\/wp\/v2\/pages"}],"about":[{"href":"https:\/\/thinkforensic.ch\/index.php?rest_route=\/wp\/v2\/types\/page"}],"author":[{"embeddable":true,"href":"https:\/\/thinkforensic.ch\/index.php?rest_route=\/wp\/v2\/users\/2"}],"replies":[{"embeddable":true,"href":"https:\/\/thinkforensic.ch\/index.php?rest_route=%2Fwp%2Fv2%2Fcomments&post=839"}],"version-history":[{"count":110,"href":"https:\/\/thinkforensic.ch\/index.php?rest_route=\/wp\/v2\/pages\/839\/revisions"}],"predecessor-version":[{"id":3875,"href":"https:\/\/thinkforensic.ch\/index.php?rest_route=\/wp\/v2\/pages\/839\/revisions\/3875"}],"wp:attachment":[{"href":"https:\/\/thinkforensic.ch\/index.php?rest_route=%2Fwp%2Fv2%2Fmedia&parent=839"}],"curies":[{"name":"wp","href":"https:\/\/api.w.org\/{rel}","templated":true}]}}