{"id":657,"date":"2017-04-15T10:48:32","date_gmt":"2017-04-15T10:48:32","guid":{"rendered":"https:\/\/thinkforensic.ch\/?page_id=657"},"modified":"2021-01-30T15:35:00","modified_gmt":"2021-01-30T14:35:00","slug":"forensicien","status":"publish","type":"page","link":"https:\/\/thinkforensic.ch\/?page_id=657","title":{"rendered":"Forensicien"},"content":{"rendered":"<p><div class=\"fusion-fullwidth fullwidth-box fusion-builder-row-1 nonhundred-percent-fullwidth non-hundred-percent-height-scrolling\" style=\"--awb-border-radius-top-left:0px;--awb-border-radius-top-right:0px;--awb-border-radius-bottom-right:0px;--awb-border-radius-bottom-left:0px;--awb-flex-wrap:wrap;\" ><div class=\"fusion-builder-row fusion-row\"><div class=\"fusion-layout-column fusion_builder_column fusion-builder-column-0 fusion_builder_column_1_4 1_4 fusion-one-fourth fusion-column-first\" style=\"--awb-bg-size:cover;width:25%;width:calc(25% - ( ( 10% ) * 0.25 ) );margin-right: 10%;\" id=\"RD_logoMenuML\"><div class=\"fusion-column-wrapper fusion-column-has-shadow fusion-flex-column-wrapper-legacy\"><div class=\"fusion-text fusion-text-1\"><p><a href=\"\/\"><img decoding=\"async\" id=\"RD_pageLogo\" class=\"alignleft size-full wp-image-1112\" src=\"https:\/\/thinkforensic.ch\/wp-content\/uploads\/2017\/08\/TF_LOGO_FOR.png\" alt=\"\" width=\"2589\" height=\"748\" srcset=\"https:\/\/thinkforensic.ch\/wp-content\/uploads\/2017\/08\/TF_LOGO_FOR-200x58.png 200w, https:\/\/thinkforensic.ch\/wp-content\/uploads\/2017\/08\/TF_LOGO_FOR-300x87.png 300w, https:\/\/thinkforensic.ch\/wp-content\/uploads\/2017\/08\/TF_LOGO_FOR-400x116.png 400w, https:\/\/thinkforensic.ch\/wp-content\/uploads\/2017\/08\/TF_LOGO_FOR-600x173.png 600w, https:\/\/thinkforensic.ch\/wp-content\/uploads\/2017\/08\/TF_LOGO_FOR-768x222.png 768w, https:\/\/thinkforensic.ch\/wp-content\/uploads\/2017\/08\/TF_LOGO_FOR-800x231.png 800w, https:\/\/thinkforensic.ch\/wp-content\/uploads\/2017\/08\/TF_LOGO_FOR-1024x296.png 1024w, https:\/\/thinkforensic.ch\/wp-content\/uploads\/2017\/08\/TF_LOGO_FOR-1200x347.png 1200w, https:\/\/thinkforensic.ch\/wp-content\/uploads\/2017\/08\/TF_LOGO_FOR.png 2589w\" sizes=\"(max-width: 2589px) 100vw, 2589px\" \/><\/a><\/p>\n<\/div><div class=\"fusion-clearfix\"><\/div><\/div><\/div><div class=\"fusion-layout-column fusion_builder_column fusion-builder-column-1 fusion_builder_column_3_4 3_4 fusion-three-fourth fusion-column-last\" style=\"--awb-bg-size:cover;width:75%;width:calc(75% - ( ( 10% ) * 0.75 ) );\"><div class=\"fusion-column-wrapper fusion-flex-column-wrapper-legacy\"><div class=\"fusion-text fusion-text-2\"><p style=\"text-align: right; margin-top: 2%; font-family: 'DIN-Regular';\"><span style=\"font-size: 9pt;\"><span style=\"color: #9a9a9a;\">FR<\/span> | <a id=\"menu_multiLang\" href=\"\/?page_id=1466\">EN<\/a> | <a id=\"menu_multiLang\" href=\"\/?page_id=1464\">DE<\/a><\/span><\/p>\n<\/div><div class=\"fusion-social-links fusion-social-links-1 socialNet\" style=\"--awb-margin-top:0px;--awb-margin-right:0px;--awb-margin-bottom:0px;--awb-margin-left:0px;--awb-box-border-top:0px;--awb-box-border-right:0px;--awb-box-border-bottom:0px;--awb-box-border-left:0px;--awb-icon-colors-hover:rgba(190,189,189,0.8);--awb-box-colors-hover:rgba(232,232,232,0.8);--awb-box-border-color:var(--awb-color3);--awb-box-border-color-hover:var(--awb-color4);\"><div class=\"fusion-social-networks color-type-custom\"><div class=\"fusion-social-networks-wrapper\"><a class=\"fusion-social-network-icon fusion-tooltip fusion-twitter awb-icon-twitter\" style=\"color:#bebdbd;font-size:16px;\" data-placement=\"top\" data-title=\"X\" data-toggle=\"tooltip\" title=\"X\" aria-label=\"twitter\" target=\"_blank\" rel=\"noopener noreferrer\" href=\"https:\/\/twitter.com\/Think_Forensic\"><\/a><a class=\"fusion-social-network-icon fusion-tooltip fusion-linkedin awb-icon-linkedin\" style=\"color:#bebdbd;font-size:16px;\" data-placement=\"top\" data-title=\"LinkedIn\" data-toggle=\"tooltip\" title=\"LinkedIn\" aria-label=\"linkedin\" target=\"_blank\" rel=\"noopener noreferrer\" href=\"https:\/\/www.linkedin.com\/in\/think-forensic-4544a0147\/\"><\/a><\/div><\/div><\/div><div class=\"fusion-widget-area awb-widget-area-element fusion-widget-area-1 fusion-content-widget-area\" style=\"--awb-title-size:13px;--awb-title-color:#333333;--awb-padding:0px 0px 0px 0px;\" id=\"RD_topMenu\"><div id=\"menu-widget-2\" class=\"widget menu\"><style type=\"text\/css\">#menu-widget-2{text-align:left;}#fusion-menu-widget-2 li{display:inline-block;}#fusion-menu-widget-2 ul li a{display:inline-block;padding:0;border:0;color:#9a9a9a;font-size:17px;}#fusion-menu-widget-2 ul li a:after{content:\"|\";color:#9a9a9a;padding-right:5px;padding-left:5px;font-size:17px;}#fusion-menu-widget-2 ul li a:hover,#fusion-menu-widget-2 ul .menu-item.current-menu-item a{color:#112450;}#fusion-menu-widget-2 ul li:last-child a:after{display:none;}#fusion-menu-widget-2 ul li .fusion-widget-cart-number{margin:0 7px;background-color:#112450;color:#9a9a9a;}#fusion-menu-widget-2 ul li.fusion-active-cart-icon .fusion-widget-cart-icon:after{color:#112450;}<\/style><nav id=\"fusion-menu-widget-2\" class=\"fusion-widget-menu\" aria-label=\"Secondary navigation\"><ul id=\"menu-topmenu\" class=\"menu\"><li id=\"menu-item-24\" class=\"menu-item menu-item-type-post_type menu-item-object-page menu-item-home menu-item-24\"><a href=\"https:\/\/thinkforensic.ch\/\">Accueil<\/a><\/li><li id=\"menu-item-175\" class=\"menu-item menu-item-type-post_type menu-item-object-page menu-item-175\"><a href=\"https:\/\/thinkforensic.ch\/?page_id=174\">Think Forensic<\/a><\/li><li id=\"menu-item-774\" class=\"menu-item menu-item-type-post_type menu-item-object-page menu-item-774\"><a href=\"https:\/\/thinkforensic.ch\/?page_id=773\">Activit\u00e9s<\/a><\/li><li id=\"menu-item-840\" class=\"menu-item menu-item-type-post_type menu-item-object-page menu-item-840\"><a href=\"https:\/\/thinkforensic.ch\/?page_id=839\">Contact<\/a><\/li><\/ul><\/nav><\/div><div class=\"fusion-additional-widget-content\"><\/div><\/div><div class=\"fusion-clearfix\"><\/div><\/div><\/div><\/div><\/div><div class=\"fusion-fullwidth fullwidth-box fusion-builder-row-2 nonhundred-percent-fullwidth non-hundred-percent-height-scrolling\" style=\"--awb-border-radius-top-left:0px;--awb-border-radius-top-right:0px;--awb-border-radius-bottom-right:0px;--awb-border-radius-bottom-left:0px;--awb-flex-wrap:wrap;\" ><div class=\"fusion-builder-row fusion-row\"><div class=\"fusion-layout-column fusion_builder_column fusion-builder-column-2 fusion_builder_column_1_3 1_3 fusion-one-third fusion-column-first\" style=\"--awb-bg-size:cover;width:33.333333333333%;width:calc(33.333333333333% - ( ( 0px ) * 0.33333333333333 ) );margin-right: 0px;\" id=\"RD_columnPicto\"><div class=\"fusion-column-wrapper fusion-flex-column-wrapper-legacy\"><div class=\"fusion-text fusion-text-3\"><div style=\"margin-top: 5%;\">\n<p><img decoding=\"async\" class=\"aligncenter size-full wp-image-755\" src=\"https:\/\/thinkforensic.ch\/wp-content\/uploads\/2017\/04\/TF_picto_FOR-1.png\" alt=\"\" width=\"260\" height=\"180\" srcset=\"https:\/\/thinkforensic.ch\/wp-content\/uploads\/2017\/04\/TF_picto_FOR-1-200x138.png 200w, https:\/\/thinkforensic.ch\/wp-content\/uploads\/2017\/04\/TF_picto_FOR-1.png 260w\" sizes=\"(max-width: 260px) 100vw, 260px\" \/><\/p>\n<\/div>\n<\/div><div class=\"fusion-clearfix\"><\/div><\/div><\/div><div class=\"fusion-layout-column fusion_builder_column fusion-builder-column-3 fusion_builder_column_2_3 2_3 fusion-two-third fusion-column-last\" style=\"--awb-bg-size:cover;width:66.666666666667%;width:calc(66.666666666667% - ( ( 0px ) * 0.66666666666667 ) );\"><div class=\"fusion-column-wrapper fusion-flex-column-wrapper-legacy\"><div class=\"fusion-text fusion-text-4\"><div style=\"padding-top: 10px;\">\n<h1 id=\"RD_titlePage\" style=\"font-family: 'DIN-Regular'; color: #112450; font-weight: bold;\">FORENSICIEN<\/h1>\n<h3 style=\"font-family: 'DIN-Regular'; color: #92c4c1; font-weight: bold; margin-top: 10px;\">Le forensicien est avant tout un scientifique \u00e0 vocation de chercheur, ax\u00e9 sur la r\u00e9solution de probl\u00e8mes et form\u00e9 pour travailler au c\u0153ur de situations complexes.<\/h3>\n<p style=\"margin-top: 10px; margin-bottom: 10px;\"><span style=\"color: black;\">Il observe des lieux, des personnes ou des objets, r\u00e9colte et analyse des \u00e9l\u00e9ments, inf\u00e8re et \u00e9value pour finalement communiquer des informations utiles et pertinentes \u00e0 ses partenaires.<\/span><\/p>\n<p style=\"margin-top: 10px;\"><span style=\"color: black;\">Le dipl\u00f4m\u00e9 de l\u2019Ecole des sciences criminelles acquiert au fil de son parcours universitaire des comp\u00e9tences m\u00e9tiers, techniques, analytiques et une \u00e9thique de travail. Poss\u00e9dant de larges ressources, il transpose, adapte et applique ses m\u00e9thodes, son sens aigu des priorit\u00e9s et son savoir faire dans de multiples secteurs d\u2019activit\u00e9.<\/span><\/p>\n<\/div>\n<\/div><div class=\"fusion-clearfix\"><\/div><\/div><\/div><\/div><\/div><div class=\"fusion-fullwidth fullwidth-box fusion-builder-row-3 nonhundred-percent-fullwidth non-hundred-percent-height-scrolling fusion-equal-height-columns\" style=\"--awb-border-radius-top-left:0px;--awb-border-radius-top-right:0px;--awb-border-radius-bottom-right:0px;--awb-border-radius-bottom-left:0px;--awb-padding-top:0px;--awb-padding-right:0px;--awb-padding-bottom:0px;--awb-padding-left:0px;--awb-margin-top:0px;--awb-margin-bottom:0px;--awb-background-color:rgba(255,255,255,0);--awb-flex-wrap:wrap;\" ><div class=\"fusion-builder-row fusion-row\"><div class=\"fusion-layout-column fusion_builder_column fusion-builder-column-4 fusion_builder_column_1_3 1_3 fusion-one-third fusion-column-first\" style=\"--awb-bg-color:#112450;--awb-bg-color-hover:#112450;--awb-bg-size:cover;--awb-margin-bottom:0px;width:33.333333333333%;width:calc(33.333333333333% - ( ( 0px ) * 0.33333333333333 ) );margin-right: 0px;\" id=\"RD_columnTitleComp\"><div class=\"fusion-column-wrapper fusion-flex-column-wrapper-legacy\"><div class=\"fusion-text fusion-text-5\"><div id=\"RD_TitleComp\" style=\"padding-top: 60px; padding-left: 20%;\">\n<h2 style=\"font-family: 'DIN-Regular'; color: white; font-weight: bold;\">FORENSICIEN<\/h2>\n<h1 style=\"font-family: 'DIN-Regular'; color: #92c4c1; font-weight: bold; padding-left: 10px;\">Comp\u00e9tences<\/h1>\n<\/div>\n<\/div><div class=\"fusion-clearfix\"><\/div><\/div><\/div><div class=\"fusion-layout-column fusion_builder_column fusion-builder-column-5 fusion_builder_column_2_3 2_3 fusion-two-third fusion-column-last\" style=\"--awb-bg-color:#112450;--awb-bg-color-hover:#112450;--awb-bg-size:cover;--awb-margin-bottom:0px;width:66.666666666667%;width:calc(66.666666666667% - ( ( 0px ) * 0.66666666666667 ) );\"><div class=\"fusion-column-wrapper fusion-flex-column-wrapper-legacy\"><div class=\"fusion-text fusion-text-6\"><p><img decoding=\"async\" class=\"alignnone size-full wp-image-1166\" src=\"https:\/\/thinkforensic.ch\/wp-content\/uploads\/2017\/04\/competences_forensicien2.png\" alt=\"\" width=\"901\" height=\"300\" srcset=\"https:\/\/thinkforensic.ch\/wp-content\/uploads\/2017\/04\/competences_forensicien2-200x67.png 200w, https:\/\/thinkforensic.ch\/wp-content\/uploads\/2017\/04\/competences_forensicien2-300x100.png 300w, https:\/\/thinkforensic.ch\/wp-content\/uploads\/2017\/04\/competences_forensicien2-400x133.png 400w, https:\/\/thinkforensic.ch\/wp-content\/uploads\/2017\/04\/competences_forensicien2-600x200.png 600w, https:\/\/thinkforensic.ch\/wp-content\/uploads\/2017\/04\/competences_forensicien2-768x256.png 768w, https:\/\/thinkforensic.ch\/wp-content\/uploads\/2017\/04\/competences_forensicien2-800x266.png 800w, https:\/\/thinkforensic.ch\/wp-content\/uploads\/2017\/04\/competences_forensicien2.png 901w\" sizes=\"(max-width: 901px) 100vw, 901px\" \/><\/p>\n<\/div><div class=\"fusion-clearfix\"><\/div><\/div><\/div><\/div><\/div><div class=\"fusion-fullwidth fullwidth-box fusion-builder-row-4 nonhundred-percent-fullwidth non-hundred-percent-height-scrolling\" style=\"--awb-border-radius-top-left:0px;--awb-border-radius-top-right:0px;--awb-border-radius-bottom-right:0px;--awb-border-radius-bottom-left:0px;--awb-flex-wrap:wrap;\" ><div class=\"fusion-builder-row fusion-row\"><div class=\"fusion-layout-column fusion_builder_column fusion-builder-column-6 fusion_builder_column_1_1 1_1 fusion-one-full fusion-column-first fusion-column-last\" style=\"--awb-bg-size:cover;--awb-margin-bottom:0px;\"><div class=\"fusion-column-wrapper fusion-flex-column-wrapper-legacy\"><div class=\"fusion-text fusion-text-7\"><div style=\"height: 10px; border-bottom: 1px solid white; border-top: 1px solid white; background-color: rgba(17,36,80,0.8);\">\u00a0<\/div>\n<\/div><div class=\"fusion-clearfix\"><\/div><\/div><\/div><\/div><\/div><\/p>\n","protected":false},"excerpt":{"rendered":"","protected":false},"author":2,"featured_media":0,"parent":0,"menu_order":0,"comment_status":"closed","ping_status":"closed","template":"","meta":{"footnotes":""},"class_list":["post-657","page","type-page","status-publish","hentry"],"_links":{"self":[{"href":"https:\/\/thinkforensic.ch\/index.php?rest_route=\/wp\/v2\/pages\/657","targetHints":{"allow":["GET"]}}],"collection":[{"href":"https:\/\/thinkforensic.ch\/index.php?rest_route=\/wp\/v2\/pages"}],"about":[{"href":"https:\/\/thinkforensic.ch\/index.php?rest_route=\/wp\/v2\/types\/page"}],"author":[{"embeddable":true,"href":"https:\/\/thinkforensic.ch\/index.php?rest_route=\/wp\/v2\/users\/2"}],"replies":[{"embeddable":true,"href":"https:\/\/thinkforensic.ch\/index.php?rest_route=%2Fwp%2Fv2%2Fcomments&post=657"}],"version-history":[{"count":103,"href":"https:\/\/thinkforensic.ch\/index.php?rest_route=\/wp\/v2\/pages\/657\/revisions"}],"predecessor-version":[{"id":3880,"href":"https:\/\/thinkforensic.ch\/index.php?rest_route=\/wp\/v2\/pages\/657\/revisions\/3880"}],"wp:attachment":[{"href":"https:\/\/thinkforensic.ch\/index.php?rest_route=%2Fwp%2Fv2%2Fmedia&parent=657"}],"curies":[{"name":"wp","href":"https:\/\/api.w.org\/{rel}","templated":true}]}}