{"id":174,"date":"2017-03-11T10:06:24","date_gmt":"2017-03-11T10:06:24","guid":{"rendered":"https:\/\/thinkforensic.ch\/?page_id=174"},"modified":"2021-01-30T15:44:22","modified_gmt":"2021-01-30T14:44:22","slug":"think-forensic","status":"publish","type":"page","link":"https:\/\/thinkforensic.ch\/?page_id=174","title":{"rendered":"Think Forensic"},"content":{"rendered":"<p><div class=\"fusion-fullwidth fullwidth-box fusion-builder-row-1 nonhundred-percent-fullwidth non-hundred-percent-height-scrolling\" style=\"--awb-border-radius-top-left:0px;--awb-border-radius-top-right:0px;--awb-border-radius-bottom-right:0px;--awb-border-radius-bottom-left:0px;--awb-flex-wrap:wrap;\" ><div class=\"fusion-builder-row fusion-row\"><div class=\"fusion-layout-column fusion_builder_column fusion-builder-column-0 fusion_builder_column_1_4 1_4 fusion-one-fourth fusion-column-first\" style=\"--awb-bg-size:cover;width:25%;width:calc(25% - ( ( 10% ) * 0.25 ) );margin-right: 10%;\" id=\"RD_logoMenuML\"><div class=\"fusion-column-wrapper fusion-column-has-shadow fusion-flex-column-wrapper-legacy\"><div class=\"fusion-text fusion-text-1\"><p><a href=\"\/\"><img decoding=\"async\" id=\"RD_pageLogo\" class=\"alignleft size-full wp-image-1113\" src=\"https:\/\/thinkforensic.ch\/wp-content\/uploads\/2017\/08\/TF_LOGO_GEN.png\" alt=\"\" width=\"2592\" height=\"745\" srcset=\"https:\/\/thinkforensic.ch\/wp-content\/uploads\/2017\/08\/TF_LOGO_GEN-200x57.png 200w, https:\/\/thinkforensic.ch\/wp-content\/uploads\/2017\/08\/TF_LOGO_GEN-300x86.png 300w, https:\/\/thinkforensic.ch\/wp-content\/uploads\/2017\/08\/TF_LOGO_GEN-400x115.png 400w, https:\/\/thinkforensic.ch\/wp-content\/uploads\/2017\/08\/TF_LOGO_GEN-600x172.png 600w, https:\/\/thinkforensic.ch\/wp-content\/uploads\/2017\/08\/TF_LOGO_GEN-768x221.png 768w, https:\/\/thinkforensic.ch\/wp-content\/uploads\/2017\/08\/TF_LOGO_GEN-800x230.png 800w, https:\/\/thinkforensic.ch\/wp-content\/uploads\/2017\/08\/TF_LOGO_GEN-1024x294.png 1024w, https:\/\/thinkforensic.ch\/wp-content\/uploads\/2017\/08\/TF_LOGO_GEN-1200x345.png 1200w, https:\/\/thinkforensic.ch\/wp-content\/uploads\/2017\/08\/TF_LOGO_GEN.png 2592w\" sizes=\"(max-width: 2592px) 100vw, 2592px\" \/><\/a><\/p>\n<\/div><div class=\"fusion-clearfix\"><\/div><\/div><\/div><div class=\"fusion-layout-column fusion_builder_column fusion-builder-column-1 fusion_builder_column_3_4 3_4 fusion-three-fourth fusion-column-last\" style=\"--awb-bg-size:cover;width:75%;width:calc(75% - ( ( 10% ) * 0.75 ) );\"><div class=\"fusion-column-wrapper fusion-flex-column-wrapper-legacy\"><div class=\"fusion-text fusion-text-2\"><p style=\"text-align: right; margin-top: 2%; font-family: 'DIN-Regular';\"><span style=\"font-size: 9pt;\"><span style=\"color: #9a9a9a;\">FR<\/span> | <a id=\"menu_multiLang\" href=\"\/?page_id=1476\">EN<\/a> | <a id=\"menu_multiLang\" href=\"\/?page_id=1474\">DE<\/a><\/span><\/p>\n<\/div><div class=\"fusion-social-links fusion-social-links-1 socialNet\" style=\"--awb-margin-top:0px;--awb-margin-right:0px;--awb-margin-bottom:0px;--awb-margin-left:0px;--awb-box-border-top:0px;--awb-box-border-right:0px;--awb-box-border-bottom:0px;--awb-box-border-left:0px;--awb-icon-colors-hover:rgba(190,189,189,0.8);--awb-box-colors-hover:rgba(232,232,232,0.8);--awb-box-border-color:var(--awb-color3);--awb-box-border-color-hover:var(--awb-color4);\"><div class=\"fusion-social-networks color-type-custom\"><div class=\"fusion-social-networks-wrapper\"><a class=\"fusion-social-network-icon fusion-tooltip fusion-twitter awb-icon-twitter\" style=\"color:#bebdbd;font-size:16px;\" data-placement=\"top\" data-title=\"X\" data-toggle=\"tooltip\" title=\"X\" aria-label=\"twitter\" target=\"_blank\" rel=\"noopener noreferrer\" href=\"https:\/\/twitter.com\/Think_Forensic\"><\/a><a class=\"fusion-social-network-icon fusion-tooltip fusion-linkedin awb-icon-linkedin\" style=\"color:#bebdbd;font-size:16px;\" data-placement=\"top\" data-title=\"LinkedIn\" data-toggle=\"tooltip\" title=\"LinkedIn\" aria-label=\"linkedin\" target=\"_blank\" rel=\"noopener noreferrer\" href=\"https:\/\/www.linkedin.com\/in\/think-forensic-4544a0147\/\"><\/a><\/div><\/div><\/div><div class=\"fusion-widget-area awb-widget-area-element fusion-widget-area-1 fusion-content-widget-area\" style=\"--awb-title-size:13px;--awb-title-color:#333333;--awb-padding:0px 0px 0px 0px;\" id=\"RD_topMenu\"><div id=\"menu-widget-2\" class=\"widget menu\"><style type=\"text\/css\">#menu-widget-2{text-align:left;}#fusion-menu-widget-2 li{display:inline-block;}#fusion-menu-widget-2 ul li a{display:inline-block;padding:0;border:0;color:#9a9a9a;font-size:17px;}#fusion-menu-widget-2 ul li a:after{content:\"|\";color:#9a9a9a;padding-right:5px;padding-left:5px;font-size:17px;}#fusion-menu-widget-2 ul li a:hover,#fusion-menu-widget-2 ul .menu-item.current-menu-item a{color:#112450;}#fusion-menu-widget-2 ul li:last-child a:after{display:none;}#fusion-menu-widget-2 ul li .fusion-widget-cart-number{margin:0 7px;background-color:#112450;color:#9a9a9a;}#fusion-menu-widget-2 ul li.fusion-active-cart-icon .fusion-widget-cart-icon:after{color:#112450;}<\/style><nav id=\"fusion-menu-widget-2\" class=\"fusion-widget-menu\" aria-label=\"Secondary navigation\"><ul id=\"menu-topmenu\" class=\"menu\"><li id=\"menu-item-24\" class=\"menu-item menu-item-type-post_type menu-item-object-page menu-item-home menu-item-24\"><a href=\"https:\/\/thinkforensic.ch\/\">Accueil<\/a><\/li><li id=\"menu-item-175\" class=\"menu-item menu-item-type-post_type menu-item-object-page menu-item-175\"><a href=\"https:\/\/thinkforensic.ch\/?page_id=174\">Think Forensic<\/a><\/li><li id=\"menu-item-774\" class=\"menu-item menu-item-type-post_type menu-item-object-page menu-item-774\"><a href=\"https:\/\/thinkforensic.ch\/?page_id=773\">Activit\u00e9s<\/a><\/li><li id=\"menu-item-840\" class=\"menu-item menu-item-type-post_type menu-item-object-page menu-item-840\"><a href=\"https:\/\/thinkforensic.ch\/?page_id=839\">Contact<\/a><\/li><\/ul><\/nav><\/div><div class=\"fusion-additional-widget-content\"><\/div><\/div><div class=\"fusion-clearfix\"><\/div><\/div><\/div><\/div><\/div><div class=\"fusion-fullwidth fullwidth-box fusion-builder-row-2 nonhundred-percent-fullwidth non-hundred-percent-height-scrolling\" style=\"--awb-border-radius-top-left:0px;--awb-border-radius-top-right:0px;--awb-border-radius-bottom-right:0px;--awb-border-radius-bottom-left:0px;--awb-flex-wrap:wrap;\" ><div class=\"fusion-builder-row fusion-row\"><div class=\"fusion-layout-column fusion_builder_column fusion-builder-column-2 fusion_builder_column_1_1 1_1 fusion-one-full fusion-column-first fusion-column-last\" style=\"--awb-bg-size:cover;\"><div class=\"fusion-column-wrapper fusion-flex-column-wrapper-legacy\"><div class=\"fusion-text fusion-text-3\"><div>\n<h2 style=\"font-family: 'DIN-Regular'; color: #112450; font-weight: bold; padding-top: 15px; text-align: center;\">Entreprenante, dynamique et proactive<\/h2>\n<h3 style=\"font-family: 'DIN-Regular'; color: black; font-weight: bold; text-align: center; padding-top: 10px;\">L\u2019association Think Forensic met en valeur les comp\u00e9tences d\u00e9velopp\u00e9es dans la formation forensique.<\/h3>\n<\/div>\n<\/div><div class=\"fusion-clearfix\"><\/div><\/div><\/div><\/div><\/div><div class=\"fusion-fullwidth fullwidth-box fusion-builder-row-3 nonhundred-percent-fullwidth non-hundred-percent-height-scrolling\" style=\"--awb-border-radius-top-left:0px;--awb-border-radius-top-right:0px;--awb-border-radius-bottom-right:0px;--awb-border-radius-bottom-left:0px;--awb-padding-top:20px;--awb-margin-bottom:20px;--awb-flex-wrap:wrap;\" ><div class=\"fusion-builder-row fusion-row\"><div class=\"fusion-layout-column fusion_builder_column fusion-builder-column-3 fusion_builder_column_1_4 1_4 fusion-one-fourth fusion-column-first\" style=\"--awb-bg-size:cover;width:25%;width:calc(25% - ( ( 4% + 4% + 4% ) * 0.25 ) );margin-right: 4%;\"><div class=\"fusion-column-wrapper fusion-flex-column-wrapper-legacy\"><div class=\"fusion-text fusion-text-4\"><div id=\"RD_picto\" style=\"margin-top: 5%;\"><img decoding=\"async\" class=\"aligncenter size-full wp-image-752\" src=\"https:\/\/thinkforensic.ch\/wp-content\/uploads\/2017\/03\/TF_picto_MISSION-VIS-VAL.png\" alt=\"\" width=\"260\" height=\"178\" srcset=\"https:\/\/thinkforensic.ch\/wp-content\/uploads\/2017\/03\/TF_picto_MISSION-VIS-VAL-200x137.png 200w, https:\/\/thinkforensic.ch\/wp-content\/uploads\/2017\/03\/TF_picto_MISSION-VIS-VAL.png 260w\" sizes=\"(max-width: 260px) 100vw, 260px\" \/><\/div>\n<\/div><div class=\"fusion-clearfix\"><\/div><\/div><\/div><div class=\"fusion-layout-column fusion_builder_column fusion-builder-column-4 fusion_builder_column_1_4 1_4 fusion-one-fourth\" style=\"--awb-bg-size:cover;width:25%;width:calc(25% - ( ( 4% + 4% + 4% ) * 0.25 ) );margin-right: 4%;\" id=\"RD_columnMission\"><div class=\"fusion-column-wrapper fusion-flex-column-wrapper-legacy\"><div class=\"fusion-text fusion-text-5\"><div>\n<h1 style=\"font-family: 'DIN-Regular'; color: #112450; text-align: center; font-weight: bold; padding-bottom: 10px;\">MISSION<\/h1>\n<p><span style=\"font-family: 'DIN-Regular'; color: #112450; font-size: 21px; font-weight: bold; padding-right: 5px;\">Promouvoir<\/span>une formation scientifique pluridisciplinaire<\/p>\n<p><span style=\"font-family: 'DIN-Regular'; color: #112450; font-size: 21px; font-weight: bold; padding-right: 5px;\">Faire reconna\u00eetre<\/span>un mode de r\u00e9flexion pertinent<\/p>\n<p><span style=\"font-family: 'DIN-Regular'; color: #112450; font-size: 21px; font-weight: bold; padding-right: 5px;\">Exporter<\/span>une approche m\u00e9tier innovante<\/p>\n<\/div>\n<\/div><div class=\"fusion-clearfix\"><\/div><\/div><\/div><div class=\"fusion-layout-column fusion_builder_column fusion-builder-column-5 fusion_builder_column_1_4 1_4 fusion-one-fourth\" style=\"--awb-bg-size:cover;width:25%;width:calc(25% - ( ( 4% + 4% + 4% ) * 0.25 ) );margin-right: 4%;\" id=\"RD_columnVision\"><div class=\"fusion-column-wrapper fusion-flex-column-wrapper-legacy\"><div class=\"fusion-text fusion-text-6\"><div>\n<h1 style=\"font-family: 'DIN-Regular'; color: #112450; text-align: center; font-weight: bold; padding-bottom: 10px;\">VISION<\/h1>\n<p><span style=\"font-family: 'DIN-Regular'; color: #112450; font-size: 21px; font-weight: bold; padding-right: 5px;\">Identifier<\/span>les comp\u00e9tences et m\u00e9thodologies du forensicien et du criminologue<\/p>\n<p><span style=\"font-family: 'DIN-Regular'; color: #112450; font-size: 21px; font-weight: bold; padding-right: 5px;\">Exp\u00e9rimenter<\/span>de nouveaux domaines professionnels<\/p>\n<p><span style=\"font-family: 'DIN-Regular'; color: #112450; font-size: 21px; font-weight: bold; padding-right: 5px;\">Transposer<\/span>les comp\u00e9tences forensiques dans de nouveaux champs d\u2019application<\/p>\n<\/div>\n<\/div><div class=\"fusion-clearfix\"><\/div><\/div><\/div><div class=\"fusion-layout-column fusion_builder_column fusion-builder-column-6 fusion_builder_column_1_4 1_4 fusion-one-fourth fusion-column-last\" style=\"--awb-bg-size:cover;width:25%;width:calc(25% - ( ( 4% + 4% + 4% ) * 0.25 ) );\" id=\"RD_columnValeurs\"><div class=\"fusion-column-wrapper fusion-flex-column-wrapper-legacy\"><div class=\"fusion-text fusion-text-7\"><div>\n<h1 style=\"font-family: 'DIN-Regular'; color: #112450; text-align: center; font-weight: bold; padding-bottom: 10px;\">VALEURS<\/h1>\n<p><span style=\"font-family: 'DIN-Regular'; color: #112450; font-size: 21px; font-weight: bold; padding-right: 5px;\">Audace<\/span>de croire que les Sciences Criminelles sont un atout pour tout milieu professionnel<\/p>\n<p><span style=\"font-family: 'DIN-Regular'; color: #112450; font-size: 21px; font-weight: bold; padding-right: 5px;\">Ouverture<\/span>vers de nouveaux horizons professionnels<\/p>\n<p><span style=\"font-family: 'DIN-Regular'; color: #112450; font-size: 21px; font-weight: bold; padding-right: 5px;\">Engagement<\/span>envers ses membres et ses partenaires<\/p>\n<\/div>\n<\/div><div class=\"fusion-clearfix\"><\/div><\/div><\/div><\/div><\/div><div class=\"fusion-fullwidth fullwidth-box fusion-builder-row-4 nonhundred-percent-fullwidth non-hundred-percent-height-scrolling\" style=\"--awb-border-radius-top-left:0px;--awb-border-radius-top-right:0px;--awb-border-radius-bottom-right:0px;--awb-border-radius-bottom-left:0px;--awb-margin-bottom:0px;--awb-background-color:#a9a9a9;--awb-flex-wrap:wrap;\" ><div class=\"fusion-builder-row fusion-row\"><div class=\"fusion-layout-column fusion_builder_column fusion-builder-column-7 fusion_builder_column_1_3 1_3 fusion-one-third fusion-column-first\" style=\"--awb-bg-size:cover;--awb-margin-bottom:0px;width:33.333333333333%;width:calc(33.333333333333% - ( ( 4% ) * 0.33333333333333 ) );margin-right: 4%;\"><div class=\"fusion-column-wrapper fusion-flex-column-wrapper-legacy\"><div class=\"fusion-text fusion-text-8\"><div id=\"RD_TitleStatuts\" style=\"margin-top: 10%; padding-left: 10%;\">\n<h2 style=\"font-family: 'DIN-Regular'; color: white; font-weight: bold;\">THINK FORENSIC<\/h2>\n<h1 style=\"font-family: 'DIN-Regular'; color: #112450; font-weight: bold;\">Statuts &#8211; Comit\u00e9<\/h1>\n<\/div>\n<\/div><div class=\"fusion-clearfix\"><\/div><\/div><\/div><div class=\"fusion-layout-column fusion_builder_column fusion-builder-column-8 fusion_builder_column_2_3 2_3 fusion-two-third fusion-column-last\" style=\"--awb-bg-size:cover;--awb-margin-bottom:0px;width:66.666666666667%;width:calc(66.666666666667% - ( ( 4% ) * 0.66666666666667 ) );\"><div class=\"fusion-column-wrapper fusion-flex-column-wrapper-legacy\"><div class=\"fusion-text fusion-text-9\"><div id=\"RD_descStatuts\" style=\"padding-top: 10px;\">\n<div style=\"text-align: center;\">L&rsquo;association Think Forensic est une association d&rsquo;utilit\u00e9 publique sans buts lucratifs.<\/div>\n<div style=\"text-align: center; margin-bottom: 10px;\">Consulter ses <a id=\"LinkStatuts\" href=\"\/wp-content\/uploads\/2017\/08\/ThinkForensicStatuts.pdf\" target=\"_blank\" rel=\"noopener noreferrer\">statuts<\/a> et sa <a id=\"LinkStatuts\" href=\"\/wp-content\/uploads\/2020\/02\/ThinkForensic_politiqueConfidentialite.pdf\" target=\"_blank\" rel=\"noopener noreferrer\">politique de confidentialit\u00e9.<\/a><\/div>\n<\/div>\n<\/div><div class=\"fusion-text fusion-text-10\"><div style=\"padding-bottom: 10px;\">\n<h3 style=\"font-family: 'DIN-Regular'; color: #112450; font-weight: bold; text-align: center;\">Comit\u00e9<\/h3>\n<\/div>\n<\/div><div class=\"fusion-builder-row fusion-builder-row-inner fusion-row\"><div class=\"fusion-layout-column fusion_builder_column_inner fusion-builder-nested-column-0 fusion_builder_column_inner_1_2 1_2 fusion-one-half fusion-column-first\" style=\"--awb-bg-size:cover;--awb-margin-bottom:0px;width:50%;width:calc(50% - ( ( 4% ) * 0.5 ) );margin-right: 4%;\"><div class=\"fusion-column-wrapper fusion-flex-column-wrapper-legacy\"><div class=\"fusion-text fusion-text-11\"><div>\n<p style=\"text-align: center;\">\u00d0ur\u0111ica Hazard, Pr\u00e9sidente<\/p>\n<p style=\"text-align: center;\">Marie-Sylvie Martin, Tr\u00e9sori\u00e8re<\/p>\n<\/div>\n<\/div><div class=\"fusion-clearfix\"><\/div><\/div><\/div><div class=\"fusion-layout-column fusion_builder_column_inner fusion-builder-nested-column-1 fusion_builder_column_inner_1_2 1_2 fusion-one-half fusion-column-last\" style=\"--awb-bg-size:cover;--awb-margin-bottom:0px;width:50%;width:calc(50% - ( ( 4% ) * 0.5 ) );\"><div class=\"fusion-column-wrapper fusion-flex-column-wrapper-legacy\"><div class=\"fusion-text fusion-text-12\"><div>\n<p style=\"text-align: center;\">Matthieu Michelet, Vice-pr\u00e9sident<\/p>\n<p style=\"text-align: center;\">Isabelle Montani, Membre<\/p>\n<\/div>\n<\/div><div class=\"fusion-clearfix\"><\/div><\/div><\/div><\/div><div class=\"fusion-clearfix\"><\/div><\/div><\/div><div class=\"fusion-layout-column fusion_builder_column fusion-builder-column-9 fusion_builder_column_1_1 1_1 fusion-one-full fusion-column-first fusion-column-last\" style=\"--awb-bg-size:cover;--awb-margin-bottom:0px;\"><div class=\"fusion-column-wrapper fusion-flex-column-wrapper-legacy\"><div class=\"fusion-text fusion-text-13\"><div style=\"border-bottom: 1px solid black; background-color: darkgrey;\">\u00a0<\/div>\n<\/div><div class=\"fusion-clearfix\"><\/div><\/div><\/div><\/div><\/div><div class=\"fusion-fullwidth fullwidth-box fusion-builder-row-5 nonhundred-percent-fullwidth non-hundred-percent-height-scrolling\" style=\"--awb-border-radius-top-left:0px;--awb-border-radius-top-right:0px;--awb-border-radius-bottom-right:0px;--awb-border-radius-bottom-left:0px;--awb-padding-top:0px;--awb-padding-bottom:0px;--awb-background-color:#cbcbcb;--awb-flex-wrap:wrap;\" ><div class=\"fusion-builder-row fusion-row\"><div class=\"fusion-layout-column fusion_builder_column fusion-builder-column-10 fusion_builder_column_1_3 1_3 fusion-one-third fusion-column-first\" style=\"--awb-bg-size:cover;width:33.333333333333%;width:calc(33.333333333333% - ( ( 4% + 4% + 4% ) * 0.33333333333333 ) );margin-right: 4%;\"><div class=\"fusion-column-wrapper fusion-flex-column-wrapper-legacy\"><div class=\"fusion-text fusion-text-14\"><div id=\"RD_TitleFondatrices\" style=\"margin-top: 20%; padding-left: 10%;\">\n<h2 style=\"font-family: 'DIN-Regular'; color: white; font-weight: bold;\">THINK FORENSIC<\/h2>\n<h1 style=\"font-family: 'DIN-Regular'; color: #112450; font-weight: bold;\">LES FONDATRICES<\/h1>\n<\/div>\n<\/div><div class=\"fusion-clearfix\"><\/div><\/div><\/div><div class=\"fusion-layout-column fusion_builder_column fusion-builder-column-11 fusion_builder_column_1_5 1_5 fusion-one-fifth\" style=\"--awb-bg-size:cover;--awb-margin-top:20px;width:20%;width:calc(20% - ( ( 4% + 4% + 4% ) * 0.2 ) );margin-right: 4%;\" id=\"RD_columnPictureFondatrices\"><div class=\"fusion-column-wrapper fusion-flex-column-wrapper-legacy\"><div class=\"fusion-text fusion-text-15\"><div><a class=\"fusion-modal-text-link\" data-toggle=\"modal\" data-target=\".fusion-modal.modal_tf_p1\" href=\"#\"><img decoding=\"async\" class=\"aligncenter wp-image-1126 size-thumbnail\" src=\"https:\/\/thinkforensic.ch\/wp-content\/uploads\/2017\/08\/fondatrices-1.png\" alt=\"\" width=\"150\" height=\"150\" \/><\/p>\n<h3 class=\"modal_tf\" style=\"font-family: 'DIN-Regular'; font-weight: bold; text-align: center;\">\u00d0ur\u0111ica Hazard<\/h3>\n<p><\/a><\/p><\/div>\n<\/div><div class=\"fusion-modal modal fade modal-1 modal_tf_p1\" tabindex=\"-1\" role=\"dialog\" aria-labelledby=\"modal-heading-1\" aria-hidden=\"true\" style=\"--awb-border-color:#ebebeb;--awb-background:#f6f6f6;\"><div class=\"modal-dialog modal-lg\" role=\"document\"><div class=\"modal-content fusion-modal-content\"><div class=\"modal-header\"><button class=\"close\" type=\"button\" data-dismiss=\"modal\" aria-hidden=\"true\" aria-label=\"Close\">&times;<\/button><h3 class=\"modal-title\" id=\"modal-heading-1\" data-dismiss=\"modal\" aria-hidden=\"true\">\u00d0ur\u0111ica Hazard<\/h3><\/div><div class=\"modal-body fusion-clearfix\">\n<div>\n<h2 style=\"font-family: 'DIN-Regular'; color: #112450; text-align: center; font-weight: bold;\">Pr\u00e9sidente<\/h2>\n<\/div>\n<div style=\"margin-top: 10px;\">\n<p>Dr en science forensique, c\u2019est suite \u00e0 son travail au sein d\u2019une commission d\u2019enqu\u00eate onusienne qu\u2019elle r\u00e9alise une th\u00e8se portant sur la gestion de sc\u00e8ne d\u2019investigation. Chercheuse et formatrice dans l\u2019\u00e2me, son parcours l\u2019a men\u00e9 dans diff\u00e9rentes contr\u00e9es orientales, du Moyen Orient \u00e0 l\u2019empire du milieu. Elle est actuellement charg\u00e9e de formation \u00e0 l\u2019international pour l\u2019Ecole des Sciences Criminelles et analyste strat\u00e9gique (charg\u00e9e de projet) \u00e0 la police cantonale du canton de Vaud.<\/p>\n<\/div>\n<div style=\"text-align: center;\"><a class=\"fusion-button button-default button-medium button default medium\" style=\"padding: 10px 40px;\" data-dismiss=\"modal\">Fermer<\/a><\/div>\n<\/div><\/div><\/div><\/div><div class=\"fusion-clearfix\"><\/div><\/div><\/div><div class=\"fusion-layout-column fusion_builder_column fusion-builder-column-12 fusion_builder_column_1_5 1_5 fusion-one-fifth\" style=\"--awb-bg-size:cover;--awb-margin-top:20px;width:20%;width:calc(20% - ( ( 4% + 4% + 4% ) * 0.2 ) );margin-right: 4%;\" id=\"RD_columnPictureFondatrices\"><div class=\"fusion-column-wrapper fusion-flex-column-wrapper-legacy\"><div class=\"fusion-text fusion-text-16\"><div><a class=\"fusion-modal-text-link\" data-toggle=\"modal\" data-target=\".fusion-modal.modal_tf_p2\" href=\"#\"><img decoding=\"async\" class=\"aligncenter wp-image-1131 size-thumbnail\" src=\"https:\/\/thinkforensic.ch\/wp-content\/uploads\/2017\/08\/fondatrices-2-150x150.png\" alt=\"\" width=\"150\" height=\"150\" srcset=\"https:\/\/thinkforensic.ch\/wp-content\/uploads\/2017\/08\/fondatrices-2-66x66.png 66w, https:\/\/thinkforensic.ch\/wp-content\/uploads\/2017\/08\/fondatrices-2-150x150.png 150w, https:\/\/thinkforensic.ch\/wp-content\/uploads\/2017\/08\/fondatrices-2-200x200.png 200w, https:\/\/thinkforensic.ch\/wp-content\/uploads\/2017\/08\/fondatrices-2-300x300.png 300w, https:\/\/thinkforensic.ch\/wp-content\/uploads\/2017\/08\/fondatrices-2-400x400.png 400w, https:\/\/thinkforensic.ch\/wp-content\/uploads\/2017\/08\/fondatrices-2.png 560w\" sizes=\"(max-width: 150px) 100vw, 150px\" \/><\/p>\n<h3 class=\"modal_tf\" style=\"font-family: 'DIN-Regular'; font-weight: bold; text-align: center;\">Isabelle Montani<\/h3>\n<p><\/a><\/p><\/div>\n<\/div><div class=\"fusion-modal modal fade modal-2 modal_tf_p2\" tabindex=\"-1\" role=\"dialog\" aria-labelledby=\"modal-heading-2\" aria-hidden=\"true\" style=\"--awb-border-color:#ebebeb;--awb-background:#f6f6f6;\"><div class=\"modal-dialog modal-lg\" role=\"document\"><div class=\"modal-content fusion-modal-content\"><div class=\"modal-header\"><button class=\"close\" type=\"button\" data-dismiss=\"modal\" aria-hidden=\"true\" aria-label=\"Close\">&times;<\/button><h3 class=\"modal-title\" id=\"modal-heading-2\" data-dismiss=\"modal\" aria-hidden=\"true\">Isabelle Montani<\/h3><\/div><div class=\"modal-body fusion-clearfix\">\n<div>\n<h2 style=\"font-family: 'DIN-Regular'; color: #112450; text-align: center; font-weight: bold;\">Membre<\/h2>\n<\/div>\n<div style=\"margin-top: 10px;\">\n<p>Dr en science forensique, les \u00e9critures et signatures n\u2019ont plus de secret pour elle. Passionn\u00e9e d\u2019art, elle a su marier ses deux centres d\u2019int\u00e9r\u00eat en r\u00e9alisant sa th\u00e8se de doctorat sur l\u2019expertise de signatures sur les tableaux. Officier aupr\u00e8s de l\u2019Etat-major cantonale de conduite du canton de Vaud, elle occupe actuellement le poste de cheffe de projet au Service de la s\u00e9curit\u00e9 civile et militaire (Vaud).<\/p>\n<\/div>\n<div style=\"text-align: center;\"><a class=\"fusion-button button-default button-medium button default medium\" style=\"padding: 10px 40px;\" data-dismiss=\"modal\">Fermer<\/a><\/div>\n<\/div><\/div><\/div><\/div><div class=\"fusion-clearfix\"><\/div><\/div><\/div><div class=\"fusion-layout-column fusion_builder_column fusion-builder-column-13 fusion_builder_column_1_5 1_5 fusion-one-fifth fusion-column-last\" style=\"--awb-bg-size:cover;--awb-margin-top:20px;width:20%;width:calc(20% - ( ( 4% + 4% + 4% ) * 0.2 ) );\" id=\"RD_columnPictureFondatrices\"><div class=\"fusion-column-wrapper fusion-flex-column-wrapper-legacy\"><div class=\"fusion-text fusion-text-17\"><div><a class=\"fusion-modal-text-link\" data-toggle=\"modal\" data-target=\".fusion-modal.modal_tf_p3\" href=\"#\"><img decoding=\"async\" class=\"aligncenter wp-image-1132 size-thumbnail\" src=\"https:\/\/thinkforensic.ch\/wp-content\/uploads\/2017\/08\/fondatrices-3-150x150.png\" alt=\"\" width=\"150\" height=\"150\" srcset=\"https:\/\/thinkforensic.ch\/wp-content\/uploads\/2017\/08\/fondatrices-3-66x66.png 66w, https:\/\/thinkforensic.ch\/wp-content\/uploads\/2017\/08\/fondatrices-3-150x150.png 150w, https:\/\/thinkforensic.ch\/wp-content\/uploads\/2017\/08\/fondatrices-3-200x200.png 200w, https:\/\/thinkforensic.ch\/wp-content\/uploads\/2017\/08\/fondatrices-3-300x300.png 300w, https:\/\/thinkforensic.ch\/wp-content\/uploads\/2017\/08\/fondatrices-3-400x400.png 400w, https:\/\/thinkforensic.ch\/wp-content\/uploads\/2017\/08\/fondatrices-3.png 560w\" sizes=\"(max-width: 150px) 100vw, 150px\" \/><\/p>\n<h3 class=\"modal_tf\" style=\"font-family: 'DIN-Regular'; font-weight: bold; text-align: center;\">Marie-Sylvie Martin<\/h3>\n<p><\/a><\/p><\/div>\n<\/div><div class=\"fusion-modal modal fade modal-3 modal_tf_p3\" tabindex=\"-1\" role=\"dialog\" aria-labelledby=\"modal-heading-3\" aria-hidden=\"true\" style=\"--awb-border-color:#ebebeb;--awb-background:#f6f6f6;\"><div class=\"modal-dialog modal-lg\" role=\"document\"><div class=\"modal-content fusion-modal-content\"><div class=\"modal-header\"><button class=\"close\" type=\"button\" data-dismiss=\"modal\" aria-hidden=\"true\" aria-label=\"Close\">&times;<\/button><h3 class=\"modal-title\" id=\"modal-heading-3\" data-dismiss=\"modal\" aria-hidden=\"true\">Marie-Sylvie Martin<\/h3><\/div><div class=\"modal-body fusion-clearfix\">\n<div>\n<h2 style=\"font-family: 'DIN-Regular'; color: #112450; text-align: center; font-weight: bold;\">Tr\u00e9sori\u00e8re<\/h2>\n<\/div>\n<div style=\"margin-top: 10px;\">\n<p>Licenci\u00e9e en science forensique et dipl\u00f4m\u00e9e en criminalistique chimique, elle a \u00e9volu\u00e9 au c\u0153ur d\u2019univers vari\u00e9s. Passant du laboratoire du Louvre, au SPOC (Single Point of Contact) d\u2019Interpol Berne, puis au service d\u2019identit\u00e9 judicaire de la police cantonale valaisanne, elle a finalement pos\u00e9 ses valises comme coordinatrice de projet dans une agence de communication montheysanne.<\/p>\n<\/div>\n<div style=\"text-align: center;\"><a class=\"fusion-button button-default button-medium button default medium\" style=\"padding: 10px 40px;\" data-dismiss=\"modal\">Fermer<\/a><\/div>\n<\/div><\/div><\/div><\/div><div class=\"fusion-clearfix\"><\/div><\/div><\/div><\/div><\/div><\/p>\n","protected":false},"excerpt":{"rendered":"","protected":false},"author":2,"featured_media":0,"parent":0,"menu_order":0,"comment_status":"closed","ping_status":"closed","template":"","meta":{"footnotes":""},"class_list":["post-174","page","type-page","status-publish","hentry"],"_links":{"self":[{"href":"https:\/\/thinkforensic.ch\/index.php?rest_route=\/wp\/v2\/pages\/174","targetHints":{"allow":["GET"]}}],"collection":[{"href":"https:\/\/thinkforensic.ch\/index.php?rest_route=\/wp\/v2\/pages"}],"about":[{"href":"https:\/\/thinkforensic.ch\/index.php?rest_route=\/wp\/v2\/types\/page"}],"author":[{"embeddable":true,"href":"https:\/\/thinkforensic.ch\/index.php?rest_route=\/wp\/v2\/users\/2"}],"replies":[{"embeddable":true,"href":"https:\/\/thinkforensic.ch\/index.php?rest_route=%2Fwp%2Fv2%2Fcomments&post=174"}],"version-history":[{"count":157,"href":"https:\/\/thinkforensic.ch\/index.php?rest_route=\/wp\/v2\/pages\/174\/revisions"}],"predecessor-version":[{"id":3888,"href":"https:\/\/thinkforensic.ch\/index.php?rest_route=\/wp\/v2\/pages\/174\/revisions\/3888"}],"wp:attachment":[{"href":"https:\/\/thinkforensic.ch\/index.php?rest_route=%2Fwp%2Fv2%2Fmedia&parent=174"}],"curies":[{"name":"wp","href":"https:\/\/api.w.org\/{rel}","templated":true}]}}