{"id":15,"date":"2017-02-25T13:52:32","date_gmt":"2017-02-25T13:52:32","guid":{"rendered":"https:\/\/thinkforensic.ch\/?page_id=15"},"modified":"2021-01-30T15:40:57","modified_gmt":"2021-01-30T14:40:57","slug":"home-page","status":"publish","type":"page","link":"https:\/\/thinkforensic.ch\/","title":{"rendered":"Page d&rsquo;accueil"},"content":{"rendered":"<p><div class=\"fusion-fullwidth fullwidth-box fusion-builder-row-1 nonhundred-percent-fullwidth non-hundred-percent-height-scrolling\" style=\"--awb-border-radius-top-left:0px;--awb-border-radius-top-right:0px;--awb-border-radius-bottom-right:0px;--awb-border-radius-bottom-left:0px;--awb-flex-wrap:wrap;\" ><div class=\"fusion-builder-row fusion-row\"><div class=\"fusion-layout-column fusion_builder_column fusion-builder-column-0 fusion_builder_column_1_4 1_4 fusion-one-fourth fusion-column-first\" style=\"--awb-bg-size:cover;width:25%;width:calc(25% - ( ( 10% ) * 0.25 ) );margin-right: 10%;\" id=\"RD_logoMenuML\"><div class=\"fusion-column-wrapper fusion-column-has-shadow fusion-flex-column-wrapper-legacy\"><div class=\"fusion-text fusion-text-1\"><p><a href=\"\/\"><img decoding=\"async\" id=\"RD_pageLogo\" class=\"alignleft size-full wp-image-1113\" src=\"https:\/\/thinkforensic.ch\/wp-content\/uploads\/2017\/08\/TF_LOGO_GEN.png\" alt=\"\" width=\"2592\" height=\"745\" srcset=\"https:\/\/thinkforensic.ch\/wp-content\/uploads\/2017\/08\/TF_LOGO_GEN-200x57.png 200w, https:\/\/thinkforensic.ch\/wp-content\/uploads\/2017\/08\/TF_LOGO_GEN-300x86.png 300w, https:\/\/thinkforensic.ch\/wp-content\/uploads\/2017\/08\/TF_LOGO_GEN-400x115.png 400w, https:\/\/thinkforensic.ch\/wp-content\/uploads\/2017\/08\/TF_LOGO_GEN-600x172.png 600w, https:\/\/thinkforensic.ch\/wp-content\/uploads\/2017\/08\/TF_LOGO_GEN-768x221.png 768w, https:\/\/thinkforensic.ch\/wp-content\/uploads\/2017\/08\/TF_LOGO_GEN-800x230.png 800w, https:\/\/thinkforensic.ch\/wp-content\/uploads\/2017\/08\/TF_LOGO_GEN-1024x294.png 1024w, https:\/\/thinkforensic.ch\/wp-content\/uploads\/2017\/08\/TF_LOGO_GEN-1200x345.png 1200w, https:\/\/thinkforensic.ch\/wp-content\/uploads\/2017\/08\/TF_LOGO_GEN.png 2592w\" sizes=\"(max-width: 2592px) 100vw, 2592px\" \/><\/a><\/p>\n<\/div><div class=\"fusion-clearfix\"><\/div><\/div><\/div><div class=\"fusion-layout-column fusion_builder_column fusion-builder-column-1 fusion_builder_column_3_4 3_4 fusion-three-fourth fusion-column-last\" style=\"--awb-bg-size:cover;width:75%;width:calc(75% - ( ( 10% ) * 0.75 ) );\"><div class=\"fusion-column-wrapper fusion-flex-column-wrapper-legacy\"><div class=\"fusion-text fusion-text-2\"><p style=\"text-align: right; margin-top: 2%; font-family: 'DIN-Regular';\"><span style=\"font-size: 9pt;\"><span style=\"color: #9a9a9a;\">FR<\/span> | <a id=\"menu_multiLang\" href=\"\/?page_id=1471\">EN<\/a> | <a id=\"menu_multiLang\" href=\"\/?page_id=1469\">DE<\/a><\/span><\/p>\n<\/div><div class=\"fusion-social-links fusion-social-links-1 socialNet\" style=\"--awb-margin-top:0px;--awb-margin-right:0px;--awb-margin-bottom:0px;--awb-margin-left:0px;--awb-box-border-top:0px;--awb-box-border-right:0px;--awb-box-border-bottom:0px;--awb-box-border-left:0px;--awb-icon-colors-hover:rgba(190,189,189,0.8);--awb-box-colors-hover:rgba(232,232,232,0.8);--awb-box-border-color:var(--awb-color3);--awb-box-border-color-hover:var(--awb-color4);\"><div class=\"fusion-social-networks color-type-custom\"><div class=\"fusion-social-networks-wrapper\"><a class=\"fusion-social-network-icon fusion-tooltip fusion-twitter awb-icon-twitter\" style=\"color:#bebdbd;font-size:16px;\" data-placement=\"top\" data-title=\"X\" data-toggle=\"tooltip\" title=\"X\" aria-label=\"twitter\" target=\"_blank\" rel=\"noopener noreferrer\" href=\"https:\/\/twitter.com\/Think_Forensic\"><\/a><a class=\"fusion-social-network-icon fusion-tooltip fusion-linkedin awb-icon-linkedin\" style=\"color:#bebdbd;font-size:16px;\" data-placement=\"top\" data-title=\"LinkedIn\" data-toggle=\"tooltip\" title=\"LinkedIn\" aria-label=\"linkedin\" target=\"_blank\" rel=\"noopener noreferrer\" href=\"https:\/\/www.linkedin.com\/in\/think-forensic-4544a0147\/\"><\/a><\/div><\/div><\/div><div class=\"fusion-widget-area awb-widget-area-element fusion-widget-area-1 fusion-content-widget-area\" style=\"--awb-title-size:13px;--awb-title-color:#333333;--awb-padding:0px 0px 0px 0px;\" id=\"RD_topMenu\"><div id=\"menu-widget-2\" class=\"widget menu\"><style type=\"text\/css\">#menu-widget-2{text-align:left;}#fusion-menu-widget-2 li{display:inline-block;}#fusion-menu-widget-2 ul li a{display:inline-block;padding:0;border:0;color:#9a9a9a;font-size:17px;}#fusion-menu-widget-2 ul li a:after{content:\"|\";color:#9a9a9a;padding-right:5px;padding-left:5px;font-size:17px;}#fusion-menu-widget-2 ul li a:hover,#fusion-menu-widget-2 ul .menu-item.current-menu-item a{color:#112450;}#fusion-menu-widget-2 ul li:last-child a:after{display:none;}#fusion-menu-widget-2 ul li .fusion-widget-cart-number{margin:0 7px;background-color:#112450;color:#9a9a9a;}#fusion-menu-widget-2 ul li.fusion-active-cart-icon .fusion-widget-cart-icon:after{color:#112450;}<\/style><nav id=\"fusion-menu-widget-2\" class=\"fusion-widget-menu\" aria-label=\"Secondary navigation\"><ul id=\"menu-topmenu\" class=\"menu\"><li id=\"menu-item-24\" class=\"menu-item menu-item-type-post_type menu-item-object-page menu-item-home menu-item-24\"><a href=\"https:\/\/thinkforensic.ch\/\">Accueil<\/a><\/li><li id=\"menu-item-175\" class=\"menu-item menu-item-type-post_type menu-item-object-page menu-item-175\"><a href=\"https:\/\/thinkforensic.ch\/?page_id=174\">Think Forensic<\/a><\/li><li id=\"menu-item-774\" class=\"menu-item menu-item-type-post_type menu-item-object-page menu-item-774\"><a href=\"https:\/\/thinkforensic.ch\/?page_id=773\">Activit\u00e9s<\/a><\/li><li id=\"menu-item-840\" class=\"menu-item menu-item-type-post_type menu-item-object-page menu-item-840\"><a href=\"https:\/\/thinkforensic.ch\/?page_id=839\">Contact<\/a><\/li><\/ul><\/nav><\/div><div class=\"fusion-additional-widget-content\"><\/div><\/div><div class=\"fusion-clearfix\"><\/div><\/div><\/div><\/div><\/div><div class=\"fusion-fullwidth fullwidth-box fusion-builder-row-2 hundred-percent-fullwidth non-hundred-percent-height-scrolling\" style=\"--awb-border-radius-top-left:0px;--awb-border-radius-top-right:0px;--awb-border-radius-bottom-right:0px;--awb-border-radius-bottom-left:0px;--awb-padding-top:20px;--awb-padding-bottom:20px;--awb-flex-wrap:wrap;\" id=\"testBG\" ><div class=\"fusion-builder-row fusion-row\"><div class=\"fusion-layout-column fusion_builder_column fusion-builder-column-2 fusion_builder_column_1_4 1_4 fusion-one-fourth fusion-column-first\" style=\"--awb-bg-size:cover;width:25%;width:calc(25% - ( ( 1% + 0% ) * 0.25 ) );margin-right: 1%;\" id=\"tf_hp_block1\"><div class=\"fusion-column-wrapper fusion-flex-column-wrapper-legacy\"><div class=\"fusion-text fusion-text-3\"><div id=\"RD_pictoSC\" style=\"padding-top: 20%;\">\u00a0<a href=\"\/?page_id=369\"><img decoding=\"async\" class=\"alignleft size-full wp-image-695\" src=\"https:\/\/thinkforensic.ch\/wp-content\/uploads\/2017\/02\/TF_picto_SC.png\" alt=\"\" width=\"260\" height=\"180\" srcset=\"https:\/\/thinkforensic.ch\/wp-content\/uploads\/2017\/02\/TF_picto_SC-200x138.png 200w, https:\/\/thinkforensic.ch\/wp-content\/uploads\/2017\/02\/TF_picto_SC.png 260w\" sizes=\"(max-width: 260px) 100vw, 260px\" \/><\/a><\/div>\n<\/div><div class=\"fusion-clearfix\"><\/div><\/div><\/div><div class=\"fusion-layout-column fusion_builder_column fusion-builder-column-3 fusion_builder_column_1_4 1_4 fusion-one-fourth\" style=\"--awb-bg-size:cover;width:25%;width:calc(25% - ( ( 1% + 0% ) * 0.25 ) );margin-right: 0%;\" id=\"tf_hp_block2\"><div class=\"fusion-column-wrapper fusion-flex-column-wrapper-legacy\"><div class=\"fusion-text fusion-text-4\"><div id=\"RD_titleSC\" style=\"padding-top: 25%;\">\n<h1 style=\"font-family: 'DIN-Regular'; color: #112450; font-weight: bold;\">SCIENCES<\/h1>\n<h1 style=\"font-family: 'DIN-Regular'; color: #b19d68; font-weight: bold;\">CRIMINELLES<\/h1>\n<\/div>\n<div id=\"RD_textSC\" style=\"margin-top: 10px;\">\n<p><span style=\"color: black;\">Sciences dot\u00e9es d&rsquo;une approche interdisciplinaire du crime visant <br \/>\n\u00e0 fournir des solutions de natures op\u00e9rationnelles, strat\u00e9giques et pr\u00e9ventives.<\/span><\/p>\n<p><a style=\"font-weight: bold; font-size: 16px;\" href=\"\/?page_id=369\">LIRE LA SUITE &#8230;<\/a><\/p>\n<\/div>\n<\/div><div class=\"fusion-clearfix\"><\/div><\/div><\/div><div class=\"fusion-layout-column fusion_builder_column fusion-builder-column-4 fusion_builder_column_1_2 1_2 fusion-one-half fusion-column-last fusion-column-no-min-height\" style=\"--awb-bg-size:cover;width:50%;width:calc(50% - ( ( 1% + 0% ) * 0.5 ) );\" id=\"RD_columnForCrim\"><div class=\"fusion-column-wrapper fusion-flex-column-wrapper-legacy\"><div class=\"fusion-builder-row fusion-builder-row-inner fusion-row\"><div class=\"fusion-layout-column fusion_builder_column_inner fusion-builder-nested-column-0 fusion_builder_column_inner_1_2 1_2 fusion-one-half fusion-column-first\" style=\"--awb-bg-size:cover;width:50%;width:calc(50% - ( ( 0% ) * 0.5 ) );margin-right: 0%;\" id=\"tf_hp_block3\"><div class=\"fusion-column-wrapper fusion-flex-column-wrapper-legacy\"><div class=\"fusion-text fusion-text-5\"><div id=\"RD_pictoFor\">\n<p><a href=\"\/?page_id=657\" target=\"_self\" rel=\"noopener noreferrer\"><img decoding=\"async\" class=\"size-full wp-image-697 alignright\" src=\"https:\/\/thinkforensic.ch\/wp-content\/uploads\/2017\/04\/TF_picto_FOR-1.png\" alt=\"\" width=\"185\" height=\"128\" \/><\/a><\/p>\n<\/div>\n<\/div><div class=\"fusion-clearfix\"><\/div><\/div><\/div><div class=\"fusion-layout-column fusion_builder_column_inner fusion-builder-nested-column-1 fusion_builder_column_inner_1_2 1_2 fusion-one-half fusion-column-last\" style=\"--awb-bg-size:cover;width:50%;width:calc(50% - ( ( 0% ) * 0.5 ) );\" id=\"tf_hp_block4\"><div class=\"fusion-column-wrapper fusion-flex-column-wrapper-legacy\"><div class=\"fusion-text fusion-text-6\"><div id=\"RD_titleFor\" style=\"padding-top: 10px;\">\n<h2 style=\"font-family: 'DIN-Regular'; color: #112450; font-weight: bold;\">FORENSICIEN<\/h2>\n<\/div>\n<div id=\"RD_textFor\" style=\"margin-top: 10px;\">\n<p style=\"padding-left: 20px;\"><span style=\"color: black;\">Scientifique qui offre des \u00e9l\u00e9ments cl\u00e9s pour r\u00e9soudre des situations probl\u00e9matiques \u00e0 travers une approche multidisciplinaire.<\/span><\/p>\n<p><a style=\"padding-left: 20px; padding-right: 20px; font-weight: bold; font-size: 16px;\" href=\"\/?page_id=657\" target=\"_self\" rel=\"noopener noreferrer\">LIRE LA SUITE &#8230;<\/a><\/p>\n<\/div>\n<\/div><div class=\"fusion-clearfix\"><\/div><\/div><\/div><\/div><div class=\"fusion-builder-row fusion-builder-row-inner fusion-row\"><div class=\"fusion-layout-column fusion_builder_column_inner fusion-builder-nested-column-2 fusion_builder_column_inner_1_2 1_2 fusion-one-half fusion-column-first\" style=\"--awb-bg-size:cover;width:50%;width:calc(50% - ( ( 4% ) * 0.5 ) );margin-right: 4%;\" id=\"tf_hp_block5\"><div class=\"fusion-column-wrapper fusion-flex-column-wrapper-legacy\"><div class=\"fusion-text fusion-text-7\"><div id=\"RD_pictoCrim\">\n<p><img decoding=\"async\" class=\"size-full wp-image-699 alignright\" src=\"https:\/\/thinkforensic.ch\/wp-content\/uploads\/2017\/10\/TF_picto_CRIM-1.png\" alt=\"\" width=\"185\" height=\"125\" \/><\/p>\n<\/div>\n<\/div><div class=\"fusion-clearfix\"><\/div><\/div><\/div><div class=\"fusion-layout-column fusion_builder_column_inner fusion-builder-nested-column-3 fusion_builder_column_inner_1_2 1_2 fusion-one-half fusion-column-last\" style=\"--awb-bg-size:cover;width:50%;width:calc(50% - ( ( 4% ) * 0.5 ) );\" id=\"tf_hp_block6\"><div class=\"fusion-column-wrapper fusion-flex-column-wrapper-legacy\"><div class=\"fusion-text fusion-text-8\"><div id=\"RD_titleCrim\" style=\"padding-top: 30px;\">\n<h2 style=\"font-family: 'DIN-Regular'; color: #112450; font-weight: bold;\">CRIMINOLOGUE<\/h2>\n<\/div>\n<div id=\"RD_textCrim\" style=\"margin-top: 10px;\">\n<p style=\"padding-left: 20px;\"><span style=\"color: black;\">Chercheur en sciences humaines \u00e9tudiant le ph\u00e9nom\u00e8ne criminel, individuel et soci\u00e9tal.<\/span><\/p>\n<\/div>\n<\/div><div class=\"fusion-clearfix\"><\/div><\/div><\/div><\/div><div class=\"fusion-clearfix\"><\/div><\/div><\/div><\/div><\/div><div class=\"fusion-fullwidth fullwidth-box fusion-builder-row-3 nonhundred-percent-fullwidth non-hundred-percent-height-scrolling\" style=\"--awb-border-radius-top-left:0px;--awb-border-radius-top-right:0px;--awb-border-radius-bottom-right:0px;--awb-border-radius-bottom-left:0px;--awb-flex-wrap:wrap;\" id=\"bgHomePageBottom\" ><div class=\"fusion-builder-row fusion-row\"><div class=\"fusion-layout-column fusion_builder_column fusion-builder-column-5 fusion_builder_column_1_4 1_4 fusion-one-fourth fusion-column-first\" style=\"--awb-bg-size:cover;width:25%;width:calc(25% - ( ( 1% + 1% ) * 0.25 ) );margin-right: 1%;\" id=\"tf_hp_block7\"><div class=\"fusion-column-wrapper fusion-flex-column-wrapper-legacy\"><div class=\"fusion-text fusion-text-9\"><div id=\"RD_titleTF\">\n<h1 style=\"font-family: 'DIN-Regular'; color: white; font-weight: bold; margin-left: 15%; margin-top: 40%;\">THINK<\/h1>\n<h1 id=\"RD_titleTF_line2\" style=\"font-family: 'DIN-Regular'; color: white; font-weight: bold; margin-left: 25%; margin-top: 5%;\">FORENSIC<\/h1>\n<p id=\"RD_linkTF\" style=\"font-weight: bold; margin-top: 35px; margin-left: 15%; font-size: 16px;\"><a style=\"margin-left: 15%;\" href=\"\/?page_id=174\">QUI SOMMES NOUS ? &#8230;<\/a><\/p>\n<\/div>\n<\/div><div class=\"fusion-clearfix\"><\/div><\/div><\/div><div class=\"fusion-layout-column fusion_builder_column fusion-builder-column-6 fusion_builder_column_1_3 1_3 fusion-one-third\" style=\"--awb-bg-size:cover;width:33.333333333333%;width:calc(33.333333333333% - ( ( 1% + 1% ) * 0.33333333333333 ) );margin-right: 1%;\" id=\"tf_hp_block8\"><div class=\"fusion-column-wrapper fusion-flex-column-wrapper-legacy\"><div class=\"fusion-text fusion-text-10\"><div id=\"RD_activites\">\n<h2 style=\"font-family: 'DIN-Regular'; color: #112450; margin-left: 15%; margin-top: 30%; font-weight: bold;\">ACTIVIT\u00c9S<\/h2>\n<h2 style=\"font-family: 'DIN-Regular'; color: white; margin-left: 15%; font-weight: bold; margin-top: 5%;\">ET SUCC\u00c8S<\/h2>\n<p style=\"font-weight: bold; margin-top: 35px; font-size: 16px;\"><a style=\"margin-left: 15%;\" href=\"\/?page_id=773\">LIRE LA SUITE &#8230;<\/a><\/p>\n<\/div>\n<\/div><div class=\"fusion-clearfix\"><\/div><\/div><\/div><div class=\"fusion-layout-column fusion_builder_column fusion-builder-column-7 fusion_builder_column_1_3 1_3 fusion-one-third fusion-column-last\" style=\"--awb-bg-size:cover;width:33.333333333333%;width:calc(33.333333333333% - ( ( 1% + 1% ) * 0.33333333333333 ) );\"><div class=\"fusion-column-wrapper fusion-flex-column-wrapper-legacy\"><div class=\"fusion-text fusion-text-11\"><div id=\"RD_displayBlockTF\" style=\"display: none;\">\n<div id=\"RD_mobile_pictoTF\" style=\"padding-top: 20%;\">\u00a0<a href=\"\/?page_id=174\"><img decoding=\"async\" class=\"aligncenter wp-image-752 size-full\" src=\"https:\/\/thinkforensic.ch\/wp-content\/uploads\/2017\/03\/TF_picto_MISSION-VIS-VAL.png\" alt=\"\" width=\"260\" height=\"178\" srcset=\"https:\/\/thinkforensic.ch\/wp-content\/uploads\/2017\/03\/TF_picto_MISSION-VIS-VAL-200x137.png 200w, https:\/\/thinkforensic.ch\/wp-content\/uploads\/2017\/03\/TF_picto_MISSION-VIS-VAL.png 260w\" sizes=\"(max-width: 260px) 100vw, 260px\" \/><\/a><\/div>\n<div id=\"RD_mobile_titleTF\" style=\"padding-top: 10px;\">\n<h2 style=\"font-family: 'DIN-Regular'; color: #112450; font-weight: bold;\">THINK FORENSIC<\/h2>\n<\/div>\n<div id=\"RD_mobile_textTF\" style=\"margin-top: 10px;\">\n<p><a style=\"padding-left: 20px; padding-right: 20px; font-weight: bold; font-size: 16px;\" href=\"\/?page_id=174\" target=\"_self\" rel=\"noopener noreferrer\">QUI SOMMES NOUS ? &#8230;<\/a><\/p>\n<\/div>\n<\/div>\n<\/div><div class=\"fusion-text fusion-text-12\"><div id=\"RD_displayBlockActivites\" style=\"display: none;\">\n<div id=\"RD_mobile_pictoAct\" style=\"padding-top: 20%;\"><a href=\"\/?page_id=773\"><img decoding=\"async\" class=\"aligncenter wp-image-1287 size-full\" src=\"https:\/\/thinkforensic.ch\/wp-content\/uploads\/2017\/10\/TF_picto_SUCCES-1.png\" alt=\"\" width=\"180\" height=\"264\" \/><\/a><\/div>\n<div id=\"RD_mobile_titleAct\" style=\"padding-top: 10px;\">\n<h2 style=\"font-family: 'DIN-Regular'; color: #112450; font-weight: bold;\">ACTIVIT\u00c9S ET SUCC\u00c8S<\/h2>\n<\/div>\n<div id=\"RD_mobile_textAct\" style=\"margin-top: 10px;\">\n<p><a style=\"padding-left: 20px; padding-right: 20px; font-weight: bold; font-size: 16px;\" href=\"\/?page_id=773\" target=\"_self\" rel=\"noopener noreferrer\">LIRE LA SUITE &#8230;<\/a><\/p>\n<\/div>\n<\/div>\n<\/div><div class=\"fusion-text fusion-text-13\"><div id=\"RD_citationFooter\" style=\"padding-top: 10%; margin-left: 10px;\">\n<h2 style=\"font-family: 'DIN-Regular'; color: #112450; text-align: right; font-weight: bold;\">\u00ab\u00a0Le savoir-faire forensique est un atout pour votre entreprise\u00a0\u00bb<\/h2>\n<\/div>\n<\/div><div class=\"fusion-clearfix\"><\/div><\/div><\/div><\/div><\/div><\/p>\n","protected":false},"excerpt":{"rendered":"","protected":false},"author":2,"featured_media":0,"parent":0,"menu_order":0,"comment_status":"closed","ping_status":"closed","template":"","meta":{"footnotes":""},"class_list":["post-15","page","type-page","status-publish","hentry"],"_links":{"self":[{"href":"https:\/\/thinkforensic.ch\/index.php?rest_route=\/wp\/v2\/pages\/15","targetHints":{"allow":["GET"]}}],"collection":[{"href":"https:\/\/thinkforensic.ch\/index.php?rest_route=\/wp\/v2\/pages"}],"about":[{"href":"https:\/\/thinkforensic.ch\/index.php?rest_route=\/wp\/v2\/types\/page"}],"author":[{"embeddable":true,"href":"https:\/\/thinkforensic.ch\/index.php?rest_route=\/wp\/v2\/users\/2"}],"replies":[{"embeddable":true,"href":"https:\/\/thinkforensic.ch\/index.php?rest_route=%2Fwp%2Fv2%2Fcomments&post=15"}],"version-history":[{"count":473,"href":"https:\/\/thinkforensic.ch\/index.php?rest_route=\/wp\/v2\/pages\/15\/revisions"}],"predecessor-version":[{"id":3885,"href":"https:\/\/thinkforensic.ch\/index.php?rest_route=\/wp\/v2\/pages\/15\/revisions\/3885"}],"wp:attachment":[{"href":"https:\/\/thinkforensic.ch\/index.php?rest_route=%2Fwp%2Fv2%2Fmedia&parent=15"}],"curies":[{"name":"wp","href":"https:\/\/api.w.org\/{rel}","templated":true}]}}