{"id":1456,"date":"2019-06-10T12:06:37","date_gmt":"2019-06-10T11:06:37","guid":{"rendered":"https:\/\/thinkforensic.ch\/?page_id=1456"},"modified":"2021-01-30T15:38:38","modified_gmt":"2021-01-30T14:38:38","slug":"contact-de","status":"publish","type":"page","link":"https:\/\/thinkforensic.ch\/?page_id=1456","title":{"rendered":"Kontact"},"content":{"rendered":"<p><div class=\"fusion-fullwidth fullwidth-box fusion-builder-row-1 nonhundred-percent-fullwidth non-hundred-percent-height-scrolling\" style=\"--awb-border-radius-top-left:0px;--awb-border-radius-top-right:0px;--awb-border-radius-bottom-right:0px;--awb-border-radius-bottom-left:0px;--awb-flex-wrap:wrap;\" ><div class=\"fusion-builder-row fusion-row\"><div class=\"fusion-layout-column fusion_builder_column fusion-builder-column-0 fusion_builder_column_1_4 1_4 fusion-one-fourth fusion-column-first\" style=\"--awb-bg-size:cover;width:25%;width:calc(25% - ( ( 10% ) * 0.25 ) );margin-right: 10%;\" id=\"RD_logoMenuML\"><div class=\"fusion-column-wrapper fusion-column-has-shadow fusion-flex-column-wrapper-legacy\"><div class=\"fusion-text fusion-text-1\"><p><a href=\"\/?page_id=1469\"><img decoding=\"async\" id=\"RD_pageLogo\" class=\"alignleft size-full wp-image-1113\" src=\"https:\/\/thinkforensic.ch\/wp-content\/uploads\/2017\/08\/TF_LOGO_GEN.png\" alt=\"\" width=\"2592\" height=\"745\" srcset=\"https:\/\/thinkforensic.ch\/wp-content\/uploads\/2017\/08\/TF_LOGO_GEN-200x57.png 200w, https:\/\/thinkforensic.ch\/wp-content\/uploads\/2017\/08\/TF_LOGO_GEN-300x86.png 300w, https:\/\/thinkforensic.ch\/wp-content\/uploads\/2017\/08\/TF_LOGO_GEN-400x115.png 400w, https:\/\/thinkforensic.ch\/wp-content\/uploads\/2017\/08\/TF_LOGO_GEN-600x172.png 600w, https:\/\/thinkforensic.ch\/wp-content\/uploads\/2017\/08\/TF_LOGO_GEN-768x221.png 768w, https:\/\/thinkforensic.ch\/wp-content\/uploads\/2017\/08\/TF_LOGO_GEN-800x230.png 800w, https:\/\/thinkforensic.ch\/wp-content\/uploads\/2017\/08\/TF_LOGO_GEN-1024x294.png 1024w, https:\/\/thinkforensic.ch\/wp-content\/uploads\/2017\/08\/TF_LOGO_GEN-1200x345.png 1200w, https:\/\/thinkforensic.ch\/wp-content\/uploads\/2017\/08\/TF_LOGO_GEN.png 2592w\" sizes=\"(max-width: 2592px) 100vw, 2592px\" \/><\/a><\/p>\n<\/div><div class=\"fusion-clearfix\"><\/div><\/div><\/div><div class=\"fusion-layout-column fusion_builder_column fusion-builder-column-1 fusion_builder_column_3_4 3_4 fusion-three-fourth fusion-column-last\" style=\"--awb-bg-size:cover;width:75%;width:calc(75% - ( ( 10% ) * 0.75 ) );\"><div class=\"fusion-column-wrapper fusion-flex-column-wrapper-legacy\"><div class=\"fusion-text fusion-text-2\"><p style=\"text-align: right; margin-top: 2%; font-family: 'DIN-Regular';\"><span style=\"font-size: 9pt;\"><a id=\"menu_multiLang\" href=\"\/?page_id=839\">FR<\/a> | <a id=\"menu_multiLang\" href=\"\/?page_id=1454\">EN<\/a> | <span style=\"color: #9a9a9a;\">DE<\/span><\/span><\/p>\n<\/div><div class=\"fusion-social-links fusion-social-links-1 socialNet\" style=\"--awb-margin-top:0px;--awb-margin-right:0px;--awb-margin-bottom:0px;--awb-margin-left:0px;--awb-box-border-top:0px;--awb-box-border-right:0px;--awb-box-border-bottom:0px;--awb-box-border-left:0px;--awb-icon-colors-hover:rgba(190,189,189,0.8);--awb-box-colors-hover:rgba(232,232,232,0.8);--awb-box-border-color:var(--awb-color3);--awb-box-border-color-hover:var(--awb-color4);\"><div class=\"fusion-social-networks color-type-custom\"><div class=\"fusion-social-networks-wrapper\"><a class=\"fusion-social-network-icon fusion-tooltip fusion-twitter awb-icon-twitter\" style=\"color:#bebdbd;font-size:16px;\" data-placement=\"top\" data-title=\"X\" data-toggle=\"tooltip\" title=\"X\" aria-label=\"twitter\" target=\"_blank\" rel=\"noopener noreferrer\" href=\"https:\/\/twitter.com\/Think_Forensic\"><\/a><a class=\"fusion-social-network-icon fusion-tooltip fusion-linkedin awb-icon-linkedin\" style=\"color:#bebdbd;font-size:16px;\" data-placement=\"top\" data-title=\"LinkedIn\" data-toggle=\"tooltip\" title=\"LinkedIn\" aria-label=\"linkedin\" target=\"_blank\" rel=\"noopener noreferrer\" href=\"https:\/\/www.linkedin.com\/in\/think-forensic-4544a0147\/\"><\/a><\/div><\/div><\/div><div class=\"fusion-widget-area awb-widget-area-element fusion-widget-area-1 fusion-content-widget-area\" style=\"--awb-title-size:13px;--awb-title-color:#333333;--awb-padding:0px 0px 0px 0px;\" id=\"RD_topMenu\"><div id=\"menu-widget-4\" class=\"widget menu\"><style type=\"text\/css\">#menu-widget-4{text-align:left;}#fusion-menu-widget-4 li{display:inline-block;}#fusion-menu-widget-4 ul li a{display:inline-block;padding:0;border:0;color:#9a9a9a;font-size:17px;}#fusion-menu-widget-4 ul li a:after{content:\"|\";color:#9a9a9a;padding-right:5px;padding-left:5px;font-size:17px;}#fusion-menu-widget-4 ul li a:hover,#fusion-menu-widget-4 ul .menu-item.current-menu-item a{color:#112450;}#fusion-menu-widget-4 ul li:last-child a:after{display:none;}#fusion-menu-widget-4 ul li .fusion-widget-cart-number{margin:0 7px;background-color:#112450;color:#9a9a9a;}#fusion-menu-widget-4 ul li.fusion-active-cart-icon .fusion-widget-cart-icon:after{color:#112450;}<\/style><nav id=\"fusion-menu-widget-4\" class=\"fusion-widget-menu\" aria-label=\"Secondary navigation\"><ul id=\"menu-topmenu_de\" class=\"menu\"><li id=\"menu-item-1526\" class=\"menu-item menu-item-type-post_type menu-item-object-page menu-item-1526\"><a href=\"https:\/\/thinkforensic.ch\/?page_id=1469\">Startseite<\/a><\/li><li id=\"menu-item-1525\" class=\"menu-item menu-item-type-post_type menu-item-object-page menu-item-1525\"><a href=\"https:\/\/thinkforensic.ch\/?page_id=1474\">Think Forensic<\/a><\/li><li id=\"menu-item-1528\" class=\"menu-item menu-item-type-post_type menu-item-object-page menu-item-1528\"><a href=\"https:\/\/thinkforensic.ch\/?page_id=1451\">Aktivit\u00e4ten<\/a><\/li><li id=\"menu-item-1527\" class=\"menu-item menu-item-type-post_type menu-item-object-page menu-item-1527\"><a href=\"https:\/\/thinkforensic.ch\/?page_id=1456\">Kontakt<\/a><\/li><\/ul><\/nav><\/div><div class=\"fusion-additional-widget-content\"><\/div><\/div><div class=\"fusion-clearfix\"><\/div><\/div><\/div><\/div><\/div><div class=\"fusion-fullwidth fullwidth-box fusion-builder-row-2 nonhundred-percent-fullwidth non-hundred-percent-height-scrolling\" style=\"--awb-border-radius-top-left:0px;--awb-border-radius-top-right:0px;--awb-border-radius-bottom-right:0px;--awb-border-radius-bottom-left:0px;--awb-flex-wrap:wrap;\" ><div class=\"fusion-builder-row fusion-row\"><div class=\"fusion-layout-column fusion_builder_column fusion-builder-column-2 fusion_builder_column_1_3 1_3 fusion-one-third fusion-column-first\" style=\"--awb-bg-size:cover;width:33.333333333333%;width:calc(33.333333333333% - ( ( 0px ) * 0.33333333333333 ) );margin-right: 0px;\"><div class=\"fusion-column-wrapper fusion-flex-column-wrapper-legacy\"><div class=\"fusion-text fusion-text-3\"><div id=\"RD_picto\" style=\"margin-top: 5%;\"><img decoding=\"async\" class=\"size-full wp-image-1081 aligncenter\" src=\"https:\/\/thinkforensic.ch\/wp-content\/uploads\/2017\/05\/TF_picto_contact.png\" alt=\"\" width=\"240\" height=\"196\" srcset=\"https:\/\/thinkforensic.ch\/wp-content\/uploads\/2017\/05\/TF_picto_contact-200x163.png 200w, https:\/\/thinkforensic.ch\/wp-content\/uploads\/2017\/05\/TF_picto_contact.png 240w\" sizes=\"(max-width: 240px) 100vw, 240px\" \/><\/div>\n<\/div><div class=\"fusion-clearfix\"><\/div><\/div><\/div><div class=\"fusion-layout-column fusion_builder_column fusion-builder-column-3 fusion_builder_column_2_3 2_3 fusion-two-third fusion-column-last\" style=\"--awb-bg-size:cover;width:66.666666666667%;width:calc(66.666666666667% - ( ( 0px ) * 0.66666666666667 ) );\"><div class=\"fusion-column-wrapper fusion-flex-column-wrapper-legacy\"><div class=\"fusion-text fusion-text-4\"><div style=\"padding-top: 10px;\">\n<h1 id=\"RD_titlePage\" style=\"font-family: 'DIN-Regular'; color: #112450; font-weight: bold; font-size: 25px;\">Es gibt mehrere M\u00f6glichkeiten, um Teil des Vereins zu werden oder den Verein zu unterst\u00fctzen :<\/h1>\n<\/div>\n<\/div><div class=\"accordian fusion-accordian\" style=\"--awb-border-size:1px;--awb-icon-size:13px;--awb-content-font-size:17px;--awb-icon-alignment:left;--awb-hover-color:#f9f9f9;--awb-border-color:#cccccc;--awb-background-color:#ffffff;--awb-divider-color:#e0dede;--awb-divider-hover-color:#e0dede;--awb-icon-color:#ffffff;--awb-title-color:#333333;--awb-content-color:#000000;--awb-icon-box-color:#9a9a9a;--awb-toggle-hover-accent-color:#112450;--awb-title-font-family:&quot;DIN-REGULAR&quot;;--awb-title-font-weight:400;--awb-title-font-style:normal;--awb-title-font-size:13px;--awb-title-line-height:1.5;--awb-content-font-family:&quot;PT Sans&quot;;--awb-content-font-style:normal;--awb-content-font-weight:400;\" id=\"Toggle_contact\"><div class=\"panel-group fusion-toggle-icon-boxed\" id=\"accordion-1456-1\"><div class=\"fusion-panel panel-default panel-a2001be1fe0c7d3a4 fusion-toggle-has-divider\"><div class=\"panel-heading\"><h4 class=\"panel-title toggle\" id=\"toggle_a2001be1fe0c7d3a4\"><a class=\"active\" aria-expanded=\"true\" aria-controls=\"a2001be1fe0c7d3a4\" role=\"button\" data-toggle=\"collapse\" data-parent=\"#accordion-1456-1\" data-target=\"#a2001be1fe0c7d3a4\" href=\"#a2001be1fe0c7d3a4\"><span class=\"fusion-toggle-icon-wrapper\" aria-hidden=\"true\"><i class=\"fa-fusion-box active-icon awb-icon-minus\" aria-hidden=\"true\"><\/i><i class=\"fa-fusion-box inactive-icon awb-icon-plus\" aria-hidden=\"true\"><\/i><\/span><span class=\"fusion-toggle-heading\">Mitglied<\/span><\/a><\/h4><\/div><div id=\"a2001be1fe0c7d3a4\" class=\"panel-collapse collapse in\" aria-labelledby=\"toggle_a2001be1fe0c7d3a4\"><div class=\"panel-body toggle-content fusion-clearfix\">\n<div id=\"RD_textMembre\">\n<p>Indem Sie Mitglied werden, profitieren Sie von folgenden Dienstleistungen :<\/p>\n<ul>\n<li>Erhalten von gezielten Job- und Praktikumsangeboten<\/li>\n<li>Teilnahme an den von Think Forensic organisierten Workshops<\/li>\n<li>Beiwohnen an Konferenzen<\/li>\n<li>Unterst\u00fctzen eines aktiven und solidarischen Netzwerkes<\/li>\n<\/ul>\n<p>Um Mitglied zu werden, m\u00fcssen Sie ein Diplom der Schule f\u00fcr Kriminalwissenschaften vorweisen k\u00f6nnen und mindestens den j\u00e4hrlichen Mitgliederbeitrag von CHF 30 bezahlen. F\u00fcllen Sie das untenstehende Formular aus und wir werden Sie bald kontaktieren.<\/p>\n<\/div>\n<\/div><\/div><\/div><div class=\"fusion-panel panel-default panel-a978af9e97feecbde fusion-toggle-has-divider\"><div class=\"panel-heading\"><h4 class=\"panel-title toggle\" id=\"toggle_a978af9e97feecbde\"><a aria-expanded=\"false\" aria-controls=\"a978af9e97feecbde\" role=\"button\" data-toggle=\"collapse\" data-parent=\"#accordion-1456-1\" data-target=\"#a978af9e97feecbde\" href=\"#a978af9e97feecbde\"><span class=\"fusion-toggle-icon-wrapper\" aria-hidden=\"true\"><i class=\"fa-fusion-box active-icon awb-icon-minus\" aria-hidden=\"true\"><\/i><i class=\"fa-fusion-box inactive-icon awb-icon-plus\" aria-hidden=\"true\"><\/i><\/span><span class=\"fusion-toggle-heading\">Partner<\/span><\/a><\/h4><\/div><div id=\"a978af9e97feecbde\" class=\"panel-collapse collapse \" aria-labelledby=\"toggle_a978af9e97feecbde\"><div class=\"panel-body toggle-content fusion-clearfix\">\n<div id=\"RD_textPart\">\n<p>Alle Informationen, welche Sie f\u00fcr n\u00fctzlich finden, um mit der Think Forensic Community geteilt zu werden, sind sehr n\u00fctzlich und wertvoll f\u00fcr uns.<\/p>\n<p>Seien es neue Job-Angebote, ein kultureller oder beruflicher Event oder Hinweise f\u00fcr die Job-Suche oder die Praktikumssuche: Z\u00f6gern Sie nicht uns zu schreiben und wir werden Sie bald kontaktieren.<\/p>\n<\/div>\n<\/div><\/div><\/div><div class=\"fusion-panel panel-default panel-6a3c37554a9bc2ad9 fusion-toggle-has-divider\"><div class=\"panel-heading\"><h4 class=\"panel-title toggle\" id=\"toggle_6a3c37554a9bc2ad9\"><a aria-expanded=\"false\" aria-controls=\"6a3c37554a9bc2ad9\" role=\"button\" data-toggle=\"collapse\" data-parent=\"#accordion-1456-1\" data-target=\"#6a3c37554a9bc2ad9\" href=\"#6a3c37554a9bc2ad9\"><span class=\"fusion-toggle-icon-wrapper\" aria-hidden=\"true\"><i class=\"fa-fusion-box active-icon awb-icon-minus\" aria-hidden=\"true\"><\/i><i class=\"fa-fusion-box inactive-icon awb-icon-plus\" aria-hidden=\"true\"><\/i><\/span><span class=\"fusion-toggle-heading\">G\u00f6nner<\/span><\/a><\/h4><\/div><div id=\"6a3c37554a9bc2ad9\" class=\"panel-collapse collapse \" aria-labelledby=\"toggle_6a3c37554a9bc2ad9\"><div class=\"panel-body toggle-content fusion-clearfix\">\n<div id=\"RD_textDon\">\n<p>Viele der Aktivit\u00e4ten von Think Forensic sind nur m\u00f6glich dank G\u00f6nnerbeitr\u00e4gen.<\/p>\n<p>Wenn Sie den Verein unterst\u00fctzen m\u00f6chten, k\u00f6nnen Sie uns sehr gerne schreiben und wir werden Sie baldm\u00f6glichst kontaktieren.<\/p>\n<\/div>\n<\/div><\/div><\/div><\/div><\/div><div class=\"fusion-clearfix\"><\/div><\/div><\/div><\/div><\/div><div class=\"fusion-fullwidth fullwidth-box fusion-builder-row-3 nonhundred-percent-fullwidth non-hundred-percent-height-scrolling fusion-equal-height-columns\" style=\"--awb-border-radius-top-left:0px;--awb-border-radius-top-right:0px;--awb-border-radius-bottom-right:0px;--awb-border-radius-bottom-left:0px;--awb-background-color:#112450;--awb-flex-wrap:wrap;\" ><div class=\"fusion-builder-row fusion-row\"><div class=\"fusion-layout-column fusion_builder_column fusion-builder-column-4 fusion_builder_column_1_3 1_3 fusion-one-third fusion-column-first\" style=\"--awb-bg-size:cover;--awb-margin-bottom:0px;width:33.333333333333%;width:calc(33.333333333333% - ( ( 0% ) * 0.33333333333333 ) );margin-right: 0%;\" id=\"RD_columnTitleLinks\"><div class=\"fusion-column-wrapper fusion-flex-column-wrapper-legacy\"><div class=\"fusion-text fusion-text-5\"><div id=\"RD_titleLinks\">\n<h1 style=\"font-family: 'DIN-Regular'; color: white; font-weight: bold; padding-left: 20%; padding-top: 8%;\">THINK FORENSIC<\/h1>\n<h1 style=\"font-family: 'DIN-Regular'; color: #b19d68; font-weight: bold; padding-left: 10%; padding-top: 10px;\">Unserer Partner<\/h1>\n<\/div>\n<\/div><div class=\"fusion-clearfix\"><\/div><\/div><\/div><div class=\"fusion-layout-column fusion_builder_column fusion-builder-column-5 fusion_builder_column_2_3 2_3 fusion-two-third fusion-column-last\" style=\"--awb-bg-size:cover;--awb-margin-bottom:0px;width:66.666666666667%;width:calc(66.666666666667% - ( ( 0% ) * 0.66666666666667 ) );\"><div class=\"fusion-column-wrapper fusion-flex-column-wrapper-legacy\"><div class=\"fusion-text fusion-text-6\"><div id=\"contact_href_part\" style=\"padding-top: 6px;\">\n<ul style=\"color: white;\">\n<li style=\"list-style-type: none;\">\n<ul style=\"color: white;\">\n<li style=\"margin-bottom: 5px;\">Die Fakult\u00e4t f\u00fcr Recht, Strafjustiz und \u00f6ffentliche Administration <a href=\"https:\/\/www.unil.ch\/fdca\/home.html\" target=\"_blank\" rel=\"noopener noreferrer\">(Webseite)<\/a><\/li>\n<li style=\"margin-bottom: 5px;\">Schule f\u00fcr Kriminalwissenschaften <a href=\"https:\/\/unil.ch\/esc\/home.html\" target=\"_blank\" rel=\"noopener noreferrer\">(Webseite)<\/a><\/li>\n<li style=\"margin-bottom: 5px;\">Association des Etudiant-e-s en Sciences Criminelles <a href=\"http:\/\/wp.unil.ch\/aesc\/\" target=\"_blank\" rel=\"noopener noreferrer\">(Webseite)<\/a><\/li>\n<li style=\"margin-bottom: 5px;\">Association des Dipl\u00f4m\u00e9-e-s en Sciences Criminelles <a href=\"https:\/\/www.adsc.ch\/\" target=\"_blank\" rel=\"noopener noreferrer\">(Webseite)<\/a><\/li>\n<li style=\"margin-bottom: 5px;\">ALUMNIL-Netzwerk der Diplomierten der Universit\u00e4t Lausanne <a href=\"https:\/\/wp.unil.ch\/alumnil\/\" target=\"_blank\" rel=\"noopener noreferrer\">(Webseite)<\/a><\/li>\n<li style=\"margin-bottom: 5px;\">Graphisches Design von Gr\u00e9gory Corthay <a href=\"mailto:gregorycorthay@gmail.com\">(gregorycorthay@gmail.com)<\/a><\/li>\n<\/ul>\n<\/li>\n<\/ul>\n<\/div>\n<\/div><div class=\"fusion-clearfix\"><\/div><\/div><\/div><\/div><\/div><div class=\"fusion-fullwidth fullwidth-box fusion-builder-row-4 nonhundred-percent-fullwidth non-hundred-percent-height-scrolling fusion-equal-height-columns\" style=\"--awb-border-radius-top-left:0px;--awb-border-radius-top-right:0px;--awb-border-radius-bottom-right:0px;--awb-border-radius-bottom-left:0px;--awb-background-color:#9a9a9a;--awb-flex-wrap:wrap;\" ><div class=\"fusion-builder-row fusion-row\"><div class=\"fusion-layout-column fusion_builder_column fusion-builder-column-6 fusion_builder_column_1_2 1_2 fusion-one-half fusion-column-first\" style=\"--awb-bg-size:cover;width:50%;width:calc(50% - ( ( 4% ) * 0.5 ) );margin-right: 4%;\" id=\"RD_columnCoord\"><div class=\"fusion-column-wrapper fusion-flex-column-wrapper-legacy\"><div class=\"fusion-text fusion-text-7\"><div id=\"RD_titleAdresse\" style=\"padding-left: 15%;\">\n<h2 style=\"font-family: 'DIN-Regular'; color: #112450; font-weight: bold; padding-top: 5%;\">Unsere Adresse<\/h2>\n<\/div>\n<\/div><div class=\"fusion-text fusion-text-8\"><div id=\"RD_textAdresse\" style=\"padding-left: 15%; padding-top: 3%;\">\n<p>Verein Think Forensic<\/p>\n<p>Case Postale 1457<\/p>\n<p>1001 Lausanne<\/p>\n<p>IBAN: CH29 0900 0000 1243 0299 0<\/p>\n<\/div>\n<div id=\"RD_titleTextBureau\" style=\"padding-left: 15%; padding-top: 3%;\">\n<h2 style=\"font-family: 'DIN-Regular'; color: #112450; font-weight: bold; padding-bottom: 5%;\">Unser B\u00fcro<\/h2>\n<p>B\u00fcro 2107, Batochime Geb\u00e4ude<\/p>\n<p>Universit\u00e4t Lausanne<\/p>\n<p>1015 Lausanne<\/p>\n<p id=\"LinkContact\"><a href=\"mailto:info@thinkforensic.ch\">info@thinkforensic.ch<\/a><\/p>\n<\/div>\n<\/div><div class=\"fusion-clearfix\"><\/div><\/div><\/div><div class=\"fusion-layout-column fusion_builder_column fusion-builder-column-7 fusion_builder_column_1_2 1_2 fusion-one-half fusion-column-last\" style=\"--awb-padding-top:20px;--awb-padding-right:20px;--awb-bg-color:#9a9a9a;--awb-bg-color-hover:#9a9a9a;--awb-bg-size:cover;--awb-margin-bottom:0px;width:50%;width:calc(50% - ( ( 4% ) * 0.5 ) );\"><div class=\"fusion-column-wrapper fusion-flex-column-wrapper-legacy\"><div class=\"fusion-text fusion-text-9\"><div id=\"RD_titleFormContact\">\n<h2 style=\"font-family: 'DIN-Regular'; color: #112450; font-weight: bold; padding-bottom: 20px;\">Kontaktformular<\/h2>\n<\/div>\n<\/div><div class=\"fusion-text fusion-text-10\">\n<div class=\"wpcf7 no-js\" id=\"wpcf7-f1584-o1\" lang=\"fr-FR\" dir=\"ltr\" data-wpcf7-id=\"1584\">\n<div class=\"screen-reader-response\"><p role=\"status\" aria-live=\"polite\" aria-atomic=\"true\"><\/p> <ul><\/ul><\/div>\n<form action=\"\/index.php?rest_route=%2Fwp%2Fv2%2Fpages%2F1456#wpcf7-f1584-o1\" method=\"post\" class=\"wpcf7-form init\" aria-label=\"Formulaire de contact\" novalidate=\"novalidate\" data-status=\"init\">\n<fieldset class=\"hidden-fields-container\"><input type=\"hidden\" name=\"_wpcf7\" value=\"1584\" \/><input type=\"hidden\" name=\"_wpcf7_version\" value=\"6.1.4\" \/><input type=\"hidden\" name=\"_wpcf7_locale\" value=\"fr_FR\" \/><input type=\"hidden\" name=\"_wpcf7_unit_tag\" value=\"wpcf7-f1584-o1\" \/><input type=\"hidden\" name=\"_wpcf7_container_post\" value=\"0\" \/><input type=\"hidden\" name=\"_wpcf7_posted_data_hash\" value=\"\" \/><input type=\"hidden\" name=\"_wpcf7_recaptcha_response\" value=\"\" \/>\n<\/fieldset>\n<p><label> Nachname und Vorname<br \/>\n<span class=\"wpcf7-form-control-wrap\" data-name=\"your-name\"><input size=\"40\" maxlength=\"400\" class=\"wpcf7-form-control wpcf7-text wpcf7-validates-as-required required\" id=\"fieldFormCont\" aria-required=\"true\" aria-invalid=\"false\" value=\"\" type=\"text\" name=\"your-name\" \/><\/span> <\/label>\n<\/p>\n<p><label> E-Mail-Adresse<br \/>\n<span class=\"wpcf7-form-control-wrap\" data-name=\"your-email\"><input size=\"40\" maxlength=\"400\" class=\"wpcf7-form-control wpcf7-email wpcf7-validates-as-required wpcf7-text wpcf7-validates-as-email required\" aria-required=\"true\" aria-invalid=\"false\" value=\"\" type=\"email\" name=\"your-email\" \/><\/span> <\/label>\n<\/p>\n<p><label> Betreff<br \/>\n<span class=\"wpcf7-form-control-wrap\" data-name=\"your-subject\"><input size=\"40\" maxlength=\"400\" class=\"wpcf7-form-control wpcf7-text\" aria-invalid=\"false\" value=\"\" type=\"text\" name=\"your-subject\" \/><\/span> <\/label>\n<\/p>\n<p><label> Ihre Nachricht<br \/>\n<span class=\"wpcf7-form-control-wrap\" data-name=\"your-message\"><textarea cols=\"40\" rows=\"10\" maxlength=\"2000\" class=\"wpcf7-form-control wpcf7-textarea\" aria-invalid=\"false\" name=\"your-message\"><\/textarea><\/span> <\/label>\n<\/p>\n\n<p><input class=\"wpcf7-form-control wpcf7-submit has-spinner\" id=\"submitBtn\" type=\"submit\" value=\"Senden\" \/>\n<\/p><div class=\"fusion-alert alert custom alert-custom fusion-alert-center wpcf7-response-output awb-alert-native-link-color alert-dismissable awb-alert-close-boxed\" style=\"--awb-border-top-left-radius:0px;--awb-border-top-right-radius:0px;--awb-border-bottom-left-radius:0px;--awb-border-bottom-right-radius:0px;\" role=\"alert\"><div class=\"fusion-alert-content-wrapper\"><span class=\"fusion-alert-content\"><\/span><\/div><button type=\"button\" class=\"close toggle-alert\" data-dismiss=\"alert\" aria-label=\"Close\">&times;<\/button><\/div>\n<\/form>\n<\/div>\n\n<\/div><div class=\"fusion-clearfix\"><\/div><\/div><\/div><\/div><\/div><\/p>\n","protected":false},"excerpt":{"rendered":"","protected":false},"author":2,"featured_media":0,"parent":0,"menu_order":0,"comment_status":"closed","ping_status":"closed","template":"","meta":{"footnotes":""},"class_list":["post-1456","page","type-page","status-publish","hentry"],"_links":{"self":[{"href":"https:\/\/thinkforensic.ch\/index.php?rest_route=\/wp\/v2\/pages\/1456","targetHints":{"allow":["GET"]}}],"collection":[{"href":"https:\/\/thinkforensic.ch\/index.php?rest_route=\/wp\/v2\/pages"}],"about":[{"href":"https:\/\/thinkforensic.ch\/index.php?rest_route=\/wp\/v2\/types\/page"}],"author":[{"embeddable":true,"href":"https:\/\/thinkforensic.ch\/index.php?rest_route=\/wp\/v2\/users\/2"}],"replies":[{"embeddable":true,"href":"https:\/\/thinkforensic.ch\/index.php?rest_route=%2Fwp%2Fv2%2Fcomments&post=1456"}],"version-history":[{"count":9,"href":"https:\/\/thinkforensic.ch\/index.php?rest_route=\/wp\/v2\/pages\/1456\/revisions"}],"predecessor-version":[{"id":3883,"href":"https:\/\/thinkforensic.ch\/index.php?rest_route=\/wp\/v2\/pages\/1456\/revisions\/3883"}],"wp:attachment":[{"href":"https:\/\/thinkforensic.ch\/index.php?rest_route=%2Fwp%2Fv2%2Fmedia&parent=1456"}],"curies":[{"name":"wp","href":"https:\/\/api.w.org\/{rel}","templated":true}]}}